{"id":12836,"date":"2021-07-24T03:44:43","date_gmt":"2021-07-24T03:44:43","guid":{"rendered":"https:\/\/bioeco.com.mx\/?page_id=12836"},"modified":"2021-11-30T23:37:20","modified_gmt":"2021-11-30T23:37:20","slug":"bioeco","status":"publish","type":"page","link":"https:\/\/www.bioeco.com.mx\/web\/","title":{"rendered":"BIOECO"},"content":{"rendered":"<p>[et_pb_section fb_built=\u00bb1&#8243; fullwidth=\u00bbon\u00bb admin_label=\u00bbHeader\u00bb _builder_version=\u00bb4.9.0&#8243; background_image=\u00bbhttps:\/\/bioeco.com.mx\/web\/wp-content\/uploads\/2021\/07\/electrician_17.png\u00bb background_blend=\u00bboverlay\u00bb background_enable_video_mp4=\u00bboff\u00bb background_video_width=\u00bb100%\u00bb box_shadow_style=\u00bbpreset7&#8243; box_shadow_horizontal=\u00bb0px\u00bb box_shadow_vertical=\u00bb-80px\u00bb box_shadow_color=\u00bb#000000&#8243;][et_pb_fullwidth_menu active_link_color=\u00bb#E09900&#8243; dropdown_menu_bg_color=\u00bbrgba(0,0,0,0.72)\u00bb dropdown_menu_line_color=\u00bb#0C71C3&#8243; logo=\u00bbhttps:\/\/bioeco.com.mx\/web\/wp-content\/uploads\/2021\/10\/Bioeco-LogotipoW-300&#215;74.png\u00bb logo_url=\u00bbhttps:\/\/demo.ianosuna.com\u00bb logo_max_width=\u00bb67%\u00bb disabled_on=\u00bbon|on|off\u00bb _builder_version=\u00bb4.9.0&#8243; _module_preset=\u00bbdefault\u00bb menu_font=\u00bbLibre Franklin||||||||\u00bb menu_text_color=\u00bb#FFFFFF\u00bb menu_letter_spacing=\u00bb1px\u00bb background_color=\u00bbRGBA(0,0,0,0)\u00bb z_index=\u00bb9&#8243; text_orientation=\u00bbright\u00bb custom_padding=\u00bb1vw||1vw||true|false\u00bb][\/et_pb_fullwidth_menu][et_pb_fullwidth_slider _builder_version=\u00bb4.9.0&#8243; _module_preset=\u00bbdefault\u00bb header_font=\u00bbLibre Franklin|700|||||||\u00bb header_font_size=\u00bb4em\u00bb background_image=\u00bbhttps:\/\/bioeco.com.mx\/web\/wp-content\/uploads\/2021\/07\/electrician_17.png\u00bb z_index=\u00bb1&#8243; custom_margin=\u00bb-118px||||false|false\u00bb][et_pb_slide heading=\u00bbPon el Sol  a tu favor \u00ae\u00bb button_text=\u00bbCONOCE NUESTRAS SOLUCIONES\u00bb button_link=\u00bb\/soluciones\/\u00bb image=\u00bbhttps:\/\/bioeco.com.mx\/web\/wp-content\/uploads\/2021\/08\/Bioeco-LogotipoW.png\u00bb _builder_version=\u00bb4.9.0&#8243; _module_preset=\u00bbdefault\u00bb background_image=\u00bbhttps:\/\/bioeco.com.mx\/web\/wp-content\/uploads\/2021\/07\/fondo0.jpg\u00bb background_enable_image=\u00bbon\u00bb custom_button=\u00bbon\u00bb button_text_color=\u00bb#FFFFFF\u00bb button_bg_color=\u00bb#eeb200&#8243; button_border_color=\u00bbRGBA(0,0,0,0)\u00bb button_custom_padding=\u00bb0.6vw||0.6vw||true|false\u00bb button_letter_spacing_last_edited=\u00bboff|desktop\u00bb box_shadow_style_button=\u00bbpreset4&#8243; button_letter_spacing__hover_enabled=\u00bbon|hover\u00bb button_letter_spacing__hover=\u00bb1px\u00bb sticky_transition=\u00bbon\u00bb]<\/p>\n<p>Transforma el entorno de tu casa, oficina o industria con las soluciones energ\u00e9ticas que BIOECO te ofrece. \u00bfQu\u00e9 esperas para conocerlas? Comienza a ahorrar en tu consumo energ\u00e9tico.<\/p>\n<p>[\/et_pb_slide][et_pb_slide heading=\u00bbPaneles Solares\u00bb button_text=\u00bbCONOCE M\u00c1S\u00bb button_link=\u00bb\/soluciones\/paneles-solares\/\u00bb image=\u00bbhttps:\/\/bioeco.com.mx\/web\/wp-content\/uploads\/2021\/08\/Bioeco-LogotipoW.png\u00bb _builder_version=\u00bb4.9.0&#8243; _module_preset=\u00bbdefault\u00bb background_image=\u00bbhttps:\/\/bioeco.com.mx\/web\/wp-content\/uploads\/2021\/09\/home2.jpg\u00bb background_enable_image=\u00bbon\u00bb custom_button=\u00bbon\u00bb button_text_color=\u00bb#FFFFFF\u00bb button_bg_color=\u00bb#eeb200&#8243; button_border_color=\u00bbRGBA(0,0,0,0)\u00bb button_custom_padding=\u00bb0.6vw||0.6vw||true|false\u00bb button_letter_spacing_last_edited=\u00bboff|desktop\u00bb box_shadow_style_button=\u00bbpreset4&#8243; button_letter_spacing__hover_enabled=\u00bbon|hover\u00bb button_letter_spacing__hover=\u00bb1px\u00bb sticky_transition=\u00bbon\u00bb]<\/p>\n<p><span>Nuestra l\u00ednea de calentadores de gravedad no necesita equipos hidroneum\u00e1ticos para funcionar. Han sido fabricados para viviendas con tinaco y se alimentan del mismo. Econ\u00f3micos y f\u00e1ciles de instalar, te dotar\u00e1n de agua caliente a muy bajo costo y con alto rendimiento.<\/span><\/p>\n<p>[\/et_pb_slide][et_pb_slide heading=\u00bbPPA (Power Purchase Agreement)\u00bb button_text=\u00bbCONOCE M\u00c1S\u00bb button_link=\u00bb\/soluciones\/ppa-power-purchase-agreement\/\u00bb image=\u00bbhttps:\/\/bioeco.com.mx\/web\/wp-content\/uploads\/2021\/08\/Bioeco-LogotipoW.png\u00bb _builder_version=\u00bb4.9.0&#8243; _module_preset=\u00bbdefault\u00bb background_image=\u00bbhttps:\/\/bioeco.com.mx\/web\/wp-content\/uploads\/2021\/09\/home1.jpg\u00bb background_enable_image=\u00bbon\u00bb custom_button=\u00bbon\u00bb button_text_color=\u00bb#FFFFFF\u00bb button_bg_color=\u00bb#eeb200&#8243; button_border_color=\u00bbRGBA(0,0,0,0)\u00bb button_custom_padding=\u00bb0.6vw||0.6vw||true|false\u00bb button_letter_spacing_last_edited=\u00bboff|desktop\u00bb box_shadow_style_button=\u00bbpreset4&#8243; button_letter_spacing__hover_enabled=\u00bbon|hover\u00bb button_letter_spacing__hover=\u00bb1px\u00bb sticky_transition=\u00bbon\u00bb]<\/p>\n<p><span>Nuestro objetivo es generar energ\u00eda limpia para que tu la consumas a menor precio que la ofrecida por CFE.<\/span><\/p>\n<p>[\/et_pb_slide][\/et_pb_fullwidth_slider][\/et_pb_section][et_pb_section fb_built=\u00bb1&#8243; admin_label=\u00bbServices\u00bb _builder_version=\u00bb4.9.0&#8243; background_color=\u00bb#FFFFFF\u00bb custom_padding=\u00bb54px|0px|0|0px|false|false\u00bb locked=\u00bboff\u00bb][et_pb_row column_structure=\u00bb1_2,1_2&#8243; _builder_version=\u00bb3.25&#8243; custom_padding=\u00bb1px|0px|0|0px|false|false\u00bb][et_pb_column type=\u00bb1_2&#8243; _builder_version=\u00bb3.25&#8243; custom_padding=\u00bb|||\u00bb custom_padding__hover=\u00bb|||\u00bb][et_pb_image src=\u00bbhttps:\/\/bioeco.com.mx\/web\/wp-content\/uploads\/2021\/07\/electrician_04.png\u00bb _builder_version=\u00bb3.23&#8243; custom_margin=\u00bb||4px|\u00bb animation_style=\u00bbfold\u00bb animation_direction=\u00bbtop\u00bb always_center_on_mobile=\u00bboff\u00bb locked=\u00bboff\u00bb][\/et_pb_image][et_pb_text _builder_version=\u00bb4.9.0&#8243; text_font=\u00bb||||||||\u00bb header_font=\u00bb||||||||\u00bb header_6_font=\u00bbLibre Franklin|600|||||||\u00bb header_6_text_color=\u00bb#ffb400&#8243; header_6_font_size=\u00bb18px\u00bb header_6_line_height=\u00bb1.8em\u00bb custom_margin=\u00bb|||\u00bb border_color_all=\u00bb#ffb400&#8243; border_width_bottom=\u00bb2px\u00bb locked=\u00bboff\u00bb]<\/p>\n<h6>Sobre nosotros<\/h6>\n<p>[\/et_pb_text][et_pb_text _builder_version=\u00bb4.9.0&#8243; text_font=\u00bbLibre Franklin|300|||||||\u00bb text_font_size=\u00bb16px\u00bb header_font=\u00bb||||||||\u00bb header_2_font=\u00bbLibre Franklin|300|||||||\u00bb header_2_text_color=\u00bb#000000&#8243; header_2_font_size=\u00bb42px\u00bb header_2_line_height=\u00bb1.4em\u00bb background_layout=\u00bbdark\u00bb locked=\u00bboff\u00bb]<\/p>\n<h2>Nos preocupamos por ofrecerte soluciones <strong>para tu hogar y empresa.<\/strong><\/h2>\n<p>[\/et_pb_text][\/et_pb_column][et_pb_column type=\u00bb1_2&#8243; _builder_version=\u00bb3.25&#8243; custom_padding=\u00bb|||\u00bb custom_padding__hover=\u00bb|||\u00bb][\/et_pb_column][\/et_pb_row][et_pb_row column_structure=\u00bb1_3,1_3,1_3&#8243; _builder_version=\u00bb3.25&#8243;][et_pb_column type=\u00bb1_3&#8243; _builder_version=\u00bb3.25&#8243; custom_padding=\u00bb|||\u00bb custom_padding__hover=\u00bb|||\u00bb][et_pb_blurb title=\u00bbSoluciones Dom\u00e9sticas\u00bb image=\u00bbhttps:\/\/bioeco.com.mx\/web\/wp-content\/uploads\/2021\/09\/ico-residencial.png\u00bb image_max_width=\u00bb65%\u00bb _builder_version=\u00bb4.9.0&#8243; header_font=\u00bbLibre Franklin|800|||||||\u00bb header_text_align=\u00bbcenter\u00bb header_font_size=\u00bb1.6em\u00bb header_line_height=\u00bb1.2em\u00bb body_font=\u00bb||||||||\u00bb body_text_align=\u00bbjustify\u00bb body_font_size=\u00bb0.9em\u00bb custom_margin=\u00bb||60px|\u00bb filter_saturate=\u00bb200%\u00bb animation=\u00bboff\u00bb border_color_bottom_image=\u00bbRGBA(0,0,0,0)\u00bb locked=\u00bboff\u00bb child_filter_hue_rotate__hover_enabled=\u00bboff|desktop\u00bb]<\/p>\n<p>Dise\u00f1amos instalaciones a nivel residencial para consumos mayores de 2000 pesos al bimestre. Adem\u00e1s de esto contamos con instalaciones no conectadas a la red de CFE para los lugares donde el acceso a la energ\u00eda es complicado.<\/p>\n<p>[\/et_pb_blurb][\/et_pb_column][et_pb_column type=\u00bb1_3&#8243; _builder_version=\u00bb3.25&#8243; custom_padding=\u00bb|||\u00bb custom_padding__hover=\u00bb|||\u00bb][et_pb_blurb title=\u00bbSoluciones Comerciales\u00bb image=\u00bbhttps:\/\/bioeco.com.mx\/web\/wp-content\/uploads\/2021\/09\/ico-comercial-300&#215;300.png\u00bb image_max_width=\u00bb65%\u00bb admin_label=\u00bbAnuncio\u00bb _builder_version=\u00bb4.9.0&#8243; header_font=\u00bbLibre Franklin|800|||||||\u00bb header_text_align=\u00bbcenter\u00bb header_font_size=\u00bb1.6em\u00bb header_line_height=\u00bb1.2em\u00bb body_font=\u00bb||||||||\u00bb body_text_align=\u00bbjustify\u00bb body_font_size=\u00bb0.9em\u00bb custom_margin=\u00bb||60px|\u00bb filter_saturate=\u00bb200%\u00bb animation=\u00bboff\u00bb border_color_bottom_image=\u00bbRGBA(0,0,0,0)\u00bb locked=\u00bboff\u00bb]<\/p>\n<p>Dise\u00f1amos sistemas hechos a la medida de tu negocio para generar exactamente lo que este necesita. Nuestro objetivo es buscar reducir tu consumo energ\u00e9tico desde un 60% a un 95%. Contamos con todo tipo de soluciones, desde sistemas convencionales hasta estructuras tipo Carport para el estacionamiento de tu negocio.<\/p>\n<p>[\/et_pb_blurb][\/et_pb_column][et_pb_column type=\u00bb1_3&#8243; _builder_version=\u00bb3.25&#8243; custom_padding=\u00bb|||\u00bb custom_padding__hover=\u00bb|||\u00bb][et_pb_blurb title=\u00bbSoluciones Industriales\u00bb image=\u00bbhttps:\/\/bioeco.com.mx\/web\/wp-content\/uploads\/2021\/09\/ico-industrial.png\u00bb image_max_width=\u00bb65%\u00bb _builder_version=\u00bb4.9.0&#8243; header_font=\u00bbLibre Franklin|800|||||||\u00bb header_text_align=\u00bbcenter\u00bb header_font_size=\u00bb1.6em\u00bb header_line_height=\u00bb1.2em\u00bb body_font=\u00bb||||||||\u00bb body_text_align=\u00bbjustify\u00bb body_font_size=\u00bb0.9em\u00bb custom_margin=\u00bb||60px|\u00bb filter_saturate=\u00bb200%\u00bb animation=\u00bboff\u00bb border_color_bottom_image=\u00bbRGBA(0,0,0,0)\u00bb locked=\u00bboff\u00bb]<\/p>\n<p>Contamos con una amplia experiencia en todo tipo de instalaciones industriales. Desde parques solares, hasta instalaciones en techo dise\u00f1adas para generar el mayor ahorro posible. Nuestro equipo esta altamente calificado para proponer la mejor soluci\u00f3n posible que se adapte a tus necesidades.<\/p>\n<p>[\/et_pb_blurb][\/et_pb_column][\/et_pb_row][\/et_pb_section][et_pb_section fb_built=\u00bb1&#8243; admin_label=\u00bbAbout\u00bb _builder_version=\u00bb3.22&#8243; background_color=\u00bb#ffb400&#8243; background_image=\u00bbhttps:\/\/bioeco.com.mx\/web\/wp-content\/uploads\/2021\/07\/electrician_19.png\u00bb background_position=\u00bbtop_center\u00bb custom_padding=\u00bb0px||0px||true\u00bb][et_pb_row column_structure=\u00bb1_3,2_3&#8243; padding_top_bottom_link_2=\u00bbtrue\u00bb padding_left_right_link_2=\u00bbtrue\u00bb _builder_version=\u00bb3.25&#8243; width=\u00bb100%\u00bb max_width=\u00bb100%\u00bb custom_padding=\u00bb0px|||\u00bb use_custom_width=\u00bbon\u00bb width_unit=\u00bboff\u00bb custom_width_percent=\u00bb100%\u00bb][et_pb_column type=\u00bb1_3&#8243; _builder_version=\u00bb3.25&#8243; custom_padding=\u00bb|||\u00bb custom_padding__hover=\u00bb|||\u00bb][et_pb_image src=\u00bbhttps:\/\/bioeco.com.mx\/web\/wp-content\/uploads\/2021\/07\/home.jpg\u00bb title_text=\u00bbhome\u00bb align_tablet=\u00bbcenter\u00bb align_phone=\u00bb\u00bb align_last_edited=\u00bbon|desktop\u00bb _builder_version=\u00bb4.9.0&#8243; use_background_color_gradient=\u00bbon\u00bb background_color_gradient_start=\u00bbrgba(0,0,0,0)\u00bb background_color_gradient_end=\u00bb#000000&#8243; background_color_gradient_direction=\u00bb135deg\u00bb background_color_gradient_start_position=\u00bb70%\u00bb background_color_gradient_end_position=\u00bb70%\u00bb custom_padding=\u00bb|30px|30px|||false\u00bb animation_style=\u00bbzoom\u00bb animation_intensity_zoom=\u00bb2%\u00bb box_shadow_style=\u00bbpreset1&#8243; box_shadow_vertical=\u00bb50px\u00bb box_shadow_blur=\u00bb100px\u00bb][\/et_pb_image][\/et_pb_column][et_pb_column type=\u00bb2_3&#8243; _builder_version=\u00bb3.25&#8243; custom_padding=\u00bb120px|8%|120px|8%\u00bb custom_padding_tablet=\u00bb|||\u00bb custom_padding_phone=\u00bb40px||40px||true\u00bb custom_padding_last_edited=\u00bbon|phone\u00bb padding_phone=\u00bb40px||40px||true\u00bb padding_tablet=\u00bb|||\u00bb padding_last_edited=\u00bbon|phone\u00bb custom_padding__hover=\u00bb|||\u00bb][et_pb_image src=\u00bbhttps:\/\/bioeco.com.mx\/web\/wp-content\/uploads\/2021\/07\/electrician_09.png\u00bb _builder_version=\u00bb3.23&#8243; custom_margin=\u00bb||4px|\u00bb animation_style=\u00bbfold\u00bb animation_direction=\u00bbtop\u00bb always_center_on_mobile=\u00bboff\u00bb][\/et_pb_image][et_pb_text _builder_version=\u00bb3.27.4&#8243; text_font=\u00bb||||||||\u00bb header_font=\u00bb||||||||\u00bb header_2_font=\u00bbLibre Franklin|300|||||||\u00bb header_2_text_color=\u00bb#000000&#8243; header_2_font_size=\u00bb48px\u00bb header_2_line_height=\u00bb1.4em\u00bb header_2_font_size_tablet=\u00bb42px\u00bb header_2_font_size_phone=\u00bb32px\u00bb header_2_font_size_last_edited=\u00bbon|phone\u00bb]<\/p>\n<h2>\u00bfCu\u00e1nto puedes ahorrar\u00a0<strong>con una instalaci\u00f3n de p\u00e1neles solares?<\/strong><\/h2>\n<p>[\/et_pb_text][et_pb_circle_counter title=\u00bbde ahorro\u00bb number=\u00bb99&#8243; _builder_version=\u00bb4.9.0&#8243; _module_preset=\u00bbdefault\u00bb number_text_color=\u00bb#000000&#8243; number_font=\u00bb|700|||||||\u00bb number_font_size=\u00bb4em\u00bb number_font_size_last_edited=\u00bbon|phone\u00bb hover_enabled=\u00bb0&#8243; sticky_enabled=\u00bb0&#8243;][\/et_pb_circle_counter][\/et_pb_column][\/et_pb_row][et_pb_row _builder_version=\u00bb4.9.0&#8243; _module_preset=\u00bbdefault\u00bb][et_pb_column type=\u00bb4_4&#8243; _builder_version=\u00bb4.9.0&#8243; _module_preset=\u00bbdefault\u00bb][et_pb_video src=\u00bbhttps:\/\/bioeco.com.mx\/web\/wp-content\/uploads\/2021\/07\/Intro-Bioeco.mp4&#8243; _builder_version=\u00bb4.9.0&#8243; _module_preset=\u00bbdefault\u00bb hover_enabled=\u00bb0&#8243; box_shadow_style=\u00bbpreset6&#8243; border_color_all=\u00bb#FFFFFF\u00bb border_width_all=\u00bb5px\u00bb sticky_enabled=\u00bb0&#8243;][\/et_pb_video][\/et_pb_column][\/et_pb_row][et_pb_row _builder_version=\u00bb3.25&#8243; module_alignment=\u00bbright\u00bb custom_padding=\u00bb||0px||false\u00bb][et_pb_column type=\u00bb4_4&#8243; _builder_version=\u00bb3.25&#8243; custom_padding=\u00bb|||\u00bb custom_padding__hover=\u00bb|||\u00bb][et_pb_button button_url=\u00bb\/sobre-nosotros\u00bb button_text=\u00bbm\u00e1s  sobre nosotros\u00bb button_alignment=\u00bbright\u00bb _builder_version=\u00bb4.9.0&#8243; custom_button=\u00bbon\u00bb button_text_size=\u00bb14px\u00bb button_bg_color=\u00bb#000000&#8243; button_border_color=\u00bb#000000&#8243; button_border_radius=\u00bb0px\u00bb button_letter_spacing=\u00bb3px\u00bb button_font=\u00bbLibre Franklin|700||on|||||\u00bb button_icon=\u00bb%%3%%\u00bb button_on_hover=\u00bboff\u00bb background_layout=\u00bbdark\u00bb custom_margin=\u00bb|||\u00bb custom_padding=\u00bb30px|70px|30px|70px|true|true\u00bb animation_style=\u00bbfold\u00bb animation_direction=\u00bbright\u00bb hover_enabled=\u00bb0&#8243; box_shadow_style=\u00bbpreset4&#8243; box_shadow_horizontal=\u00bb-30px\u00bb box_shadow_vertical=\u00bb-30px\u00bb box_shadow_spread=\u00bb-10px\u00bb box_shadow_color=\u00bbrgba(0,0,0,0.1)\u00bb locked=\u00bboff\u00bb button_text_size__hover_enabled=\u00bboff\u00bb button_one_text_size__hover_enabled=\u00bboff\u00bb button_two_text_size__hover_enabled=\u00bboff\u00bb button_text_color__hover_enabled=\u00bboff\u00bb button_one_text_color__hover_enabled=\u00bboff\u00bb button_two_text_color__hover_enabled=\u00bboff\u00bb button_border_width__hover_enabled=\u00bboff\u00bb button_one_border_width__hover_enabled=\u00bboff\u00bb button_two_border_width__hover_enabled=\u00bboff\u00bb button_border_color__hover_enabled=\u00bboff\u00bb button_one_border_color__hover_enabled=\u00bboff\u00bb button_two_border_color__hover_enabled=\u00bboff\u00bb button_border_radius__hover_enabled=\u00bboff\u00bb button_one_border_radius__hover_enabled=\u00bboff\u00bb button_two_border_radius__hover_enabled=\u00bboff\u00bb button_letter_spacing__hover_enabled=\u00bboff\u00bb button_one_letter_spacing__hover_enabled=\u00bboff\u00bb button_two_letter_spacing__hover_enabled=\u00bboff\u00bb button_bg_color__hover_enabled=\u00bboff\u00bb button_one_bg_color__hover_enabled=\u00bboff\u00bb button_two_bg_color__hover_enabled=\u00bboff\u00bb sticky_enabled=\u00bb0&#8243;][\/et_pb_button][\/et_pb_column][\/et_pb_row][\/et_pb_section][et_pb_section fb_built=\u00bb1&#8243; admin_label=\u00bbsupporting or partner companies logos\u00bb _builder_version=\u00bb3.22&#8243; custom_padding=\u00bb90px|0px|90px|0px\u00bb][et_pb_row column_structure=\u00bb3_5,2_5&#8243; _builder_version=\u00bb3.25&#8243; custom_padding=\u00bb1px|0px|0|0px|false|false\u00bb][et_pb_column type=\u00bb3_5&#8243; _builder_version=\u00bb3.25&#8243; custom_padding=\u00bb|||\u00bb custom_padding__hover=\u00bb|||\u00bb][et_pb_image src=\u00bbhttps:\/\/bioeco.com.mx\/web\/wp-content\/uploads\/2021\/07\/electrician_04.png\u00bb _builder_version=\u00bb3.23&#8243; custom_margin=\u00bb||4px|\u00bb animation_style=\u00bbfold\u00bb animation_direction=\u00bbtop\u00bb always_center_on_mobile=\u00bboff\u00bb locked=\u00bboff\u00bb][\/et_pb_image][et_pb_text _builder_version=\u00bb3.27.4&#8243; text_font=\u00bb||||||||\u00bb header_font=\u00bb||||||||\u00bb header_6_font=\u00bbLibre Franklin|600|||||||\u00bb header_6_text_color=\u00bb#ffb400&#8243; header_6_font_size=\u00bb18px\u00bb header_6_line_height=\u00bb1.8em\u00bb custom_margin=\u00bb|||\u00bb border_color_all=\u00bb#ffb400&#8243; border_width_bottom=\u00bb2px\u00bb locked=\u00bboff\u00bb]<\/p>\n<h6>Nuestros Clientes<\/h6>\n<p>[\/et_pb_text][et_pb_text _builder_version=\u00bb4.9.0&#8243; text_font=\u00bbLibre Franklin|300|||||||\u00bb text_font_size=\u00bb16px\u00bb header_font=\u00bb||||||||\u00bb header_2_font=\u00bbLibre Franklin|300|||||||\u00bb header_2_text_color=\u00bb#000000&#8243; header_2_font_size=\u00bb42px\u00bb header_2_line_height=\u00bb1.4em\u00bb background_layout=\u00bbdark\u00bb locked=\u00bboff\u00bb]<\/p>\n<h2>Nuestra mejor carta de presentaci\u00f3n son <strong>nuestros clientes.<\/strong><\/h2>\n<p>[\/et_pb_text][\/et_pb_column][et_pb_column type=\u00bb2_5&#8243; _builder_version=\u00bb3.25&#8243; custom_padding=\u00bb|||\u00bb custom_padding__hover=\u00bb|||\u00bb][\/et_pb_column][\/et_pb_row][et_pb_row column_structure=\u00bb1_4,1_4,1_4,1_4&#8243; use_custom_gutter=\u00bbon\u00bb gutter_width=\u00bb1&#8243; make_equal=\u00bbon\u00bb _builder_version=\u00bb4.9.0&#8243; _module_preset=\u00bbdefault\u00bb custom_padding=\u00bb||1px|||\u00bb][et_pb_column type=\u00bb1_4&#8243; _builder_version=\u00bb4.9.0&#8243; _module_preset=\u00bbdefault\u00bb][et_pb_image src=\u00bbhttps:\/\/bioeco.com.mx\/web\/wp-content\/uploads\/2021\/11\/clientes7.jpg\u00bb title_text=\u00bbclientes7&#8243; _builder_version=\u00bb4.9.0&#8243; _module_preset=\u00bbdefault\u00bb][\/et_pb_image][\/et_pb_column][et_pb_column type=\u00bb1_4&#8243; _builder_version=\u00bb4.9.0&#8243; _module_preset=\u00bbdefault\u00bb][et_pb_image src=\u00bbhttps:\/\/bioeco.com.mx\/web\/wp-content\/uploads\/2021\/11\/clientes6.jpg\u00bb title_text=\u00bbclientes6&#8243; _builder_version=\u00bb4.9.0&#8243; _module_preset=\u00bbdefault\u00bb][\/et_pb_image][\/et_pb_column][et_pb_column type=\u00bb1_4&#8243; _builder_version=\u00bb4.9.0&#8243; _module_preset=\u00bbdefault\u00bb][et_pb_image src=\u00bbhttps:\/\/bioeco.com.mx\/web\/wp-content\/uploads\/2021\/11\/clientes1.jpg\u00bb title_text=\u00bbclientes1&#8243; _builder_version=\u00bb4.9.0&#8243; _module_preset=\u00bbdefault\u00bb][\/et_pb_image][\/et_pb_column][et_pb_column type=\u00bb1_4&#8243; _builder_version=\u00bb4.9.0&#8243; _module_preset=\u00bbdefault\u00bb][et_pb_image src=\u00bbhttps:\/\/bioeco.com.mx\/web\/wp-content\/uploads\/2021\/11\/clientes3.jpg\u00bb title_text=\u00bbclientes3&#8243; _builder_version=\u00bb4.9.0&#8243; _module_preset=\u00bbdefault\u00bb][\/et_pb_image][\/et_pb_column][\/et_pb_row][et_pb_row column_structure=\u00bb1_4,1_4,1_4,1_4&#8243; use_custom_gutter=\u00bbon\u00bb gutter_width=\u00bb1&#8243; make_equal=\u00bbon\u00bb _builder_version=\u00bb4.9.0&#8243; _module_preset=\u00bbdefault\u00bb custom_padding=\u00bb0px||1px|||\u00bb][et_pb_column type=\u00bb1_4&#8243; _builder_version=\u00bb4.9.0&#8243; _module_preset=\u00bbdefault\u00bb][et_pb_image src=\u00bbhttps:\/\/bioeco.com.mx\/web\/wp-content\/uploads\/2021\/11\/clientes8.jpg\u00bb title_text=\u00bbclientes8&#8243; _builder_version=\u00bb4.9.0&#8243; _module_preset=\u00bbdefault\u00bb][\/et_pb_image][\/et_pb_column][et_pb_column type=\u00bb1_4&#8243; _builder_version=\u00bb4.9.0&#8243; _module_preset=\u00bbdefault\u00bb][et_pb_image src=\u00bbhttps:\/\/bioeco.com.mx\/web\/wp-content\/uploads\/2021\/11\/clientes2.jpg\u00bb title_text=\u00bbclientes2&#8243; _builder_version=\u00bb4.9.0&#8243; _module_preset=\u00bbdefault\u00bb][\/et_pb_image][\/et_pb_column][et_pb_column type=\u00bb1_4&#8243; _builder_version=\u00bb4.9.0&#8243; _module_preset=\u00bbdefault\u00bb][et_pb_image src=\u00bbhttps:\/\/bioeco.com.mx\/web\/wp-content\/uploads\/2021\/11\/clientes4.jpg\u00bb title_text=\u00bbclientes4&#8243; _builder_version=\u00bb4.9.0&#8243; _module_preset=\u00bbdefault\u00bb][\/et_pb_image][\/et_pb_column][et_pb_column type=\u00bb1_4&#8243; _builder_version=\u00bb4.9.0&#8243; _module_preset=\u00bbdefault\u00bb][et_pb_image src=\u00bbhttps:\/\/bioeco.com.mx\/web\/wp-content\/uploads\/2021\/11\/clientes5.jpg\u00bb title_text=\u00bbclientes5&#8243; _builder_version=\u00bb4.9.0&#8243; _module_preset=\u00bbdefault\u00bb][\/et_pb_image][\/et_pb_column][\/et_pb_row][\/et_pb_section]<\/p>\n","protected":false},"excerpt":{"rendered":"<p>Transforma el entorno de tu casa, oficina o industria con las soluciones energ\u00e9ticas que BIOECO te ofrece. \u00bfQu\u00e9 esperas para conocerlas? Comienza a ahorrar en tu consumo energ\u00e9tico.Nuestra l\u00ednea de calentadores de gravedad no necesita equipos hidroneum\u00e1ticos para funcionar. Han sido fabricados para viviendas con tinaco y se alimentan del mismo. Econ\u00f3micos y f\u00e1ciles de [&hellip;]<\/p>\n","protected":false},"author":1,"featured_media":0,"parent":0,"menu_order":0,"comment_status":"closed","ping_status":"closed","template":"","meta":{"_et_pb_use_builder":"on","_et_pb_old_content":"","_et_gb_content_width":"","footnotes":""},"class_list":["post-12836","page","type-page","status-publish","hentry"],"_links":{"self":[{"href":"https:\/\/www.bioeco.com.mx\/web\/wp-json\/wp\/v2\/pages\/12836","targetHints":{"allow":["GET"]}}],"collection":[{"href":"https:\/\/www.bioeco.com.mx\/web\/wp-json\/wp\/v2\/pages"}],"about":[{"href":"https:\/\/www.bioeco.com.mx\/web\/wp-json\/wp\/v2\/types\/page"}],"author":[{"embeddable":true,"href":"https:\/\/www.bioeco.com.mx\/web\/wp-json\/wp\/v2\/users\/1"}],"replies":[{"embeddable":true,"href":"https:\/\/www.bioeco.com.mx\/web\/wp-json\/wp\/v2\/comments?post=12836"}],"version-history":[{"count":0,"href":"https:\/\/www.bioeco.com.mx\/web\/wp-json\/wp\/v2\/pages\/12836\/revisions"}],"wp:attachment":[{"href":"https:\/\/www.bioeco.com.mx\/web\/wp-json\/wp\/v2\/media?parent=12836"}],"curies":[{"name":"wp","href":"https:\/\/api.w.org\/{rel}","templated":true}]}}