{"id":12930,"date":"2021-07-28T19:23:49","date_gmt":"2021-07-28T19:23:49","guid":{"rendered":"https:\/\/bioeco.com.mx\/?page_id=12930"},"modified":"2021-10-14T19:26:48","modified_gmt":"2021-10-14T19:26:48","slug":"sobre-nosotros","status":"publish","type":"page","link":"https:\/\/www.bioeco.com.mx\/web\/sobre-nosotros\/","title":{"rendered":"Sobre Nosotros"},"content":{"rendered":"<p>[et_pb_section fb_built=\u00bb1&#8243; fullwidth=\u00bbon\u00bb admin_label=\u00bbHeader\u00bb _builder_version=\u00bb4.9.0&#8243; background_color=\u00bbRGBA(0,0,0,0)\u00bb background_image=\u00bbhttps:\/\/bioeco.com.mx\/web\/wp-content\/uploads\/2021\/08\/header-industrial.jpg\u00bb parallax=\u00bbon\u00bb background_enable_video_mp4=\u00bboff\u00bb background_video_width=\u00bb100%\u00bb box_shadow_style=\u00bbpreset7&#8243; box_shadow_horizontal=\u00bb0px\u00bb box_shadow_vertical=\u00bb-80px\u00bb box_shadow_color=\u00bb#000000&#8243;][et_pb_fullwidth_menu active_link_color=\u00bb#E09900&#8243; dropdown_menu_bg_color=\u00bbrgba(0,0,0,0.72)\u00bb dropdown_menu_line_color=\u00bb#0C71C3&#8243; logo=\u00bbhttps:\/\/bioeco.com.mx\/web\/wp-content\/uploads\/2021\/10\/Bioeco-LogotipoW-300&#215;74.png\u00bb logo_url=\u00bbhttps:\/\/demo.ianosuna.com\u00bb logo_max_width=\u00bb67%\u00bb disabled_on=\u00bbon|on|off\u00bb _builder_version=\u00bb4.9.0&#8243; _module_preset=\u00bbdefault\u00bb menu_font=\u00bbLibre Franklin||||||||\u00bb menu_text_color=\u00bb#FFFFFF\u00bb menu_letter_spacing=\u00bb1px\u00bb background_color=\u00bbRGBA(0,0,0,0)\u00bb text_orientation=\u00bbright\u00bb custom_padding=\u00bb1vw||1vw||true|false\u00bb][\/et_pb_fullwidth_menu][et_pb_fullwidth_header title=\u00bbSobre Nosotros\u00bb subhead=\u00bbConoce nuestra Pol\u00edtica de Calidad\u00bb content_max_width=\u00bb68%\u00bb _builder_version=\u00bb4.9.0&#8243; _module_preset=\u00bbdefault\u00bb title_font=\u00bbLibre Franklin|700|||||||\u00bb title_font_size=\u00bb5em\u00bb content_font=\u00bbLibre Franklin|300|||||||\u00bb content_text_align=\u00bbjustify\u00bb content_font_size=\u00bb1.1em\u00bb content_line_height=\u00bb1.5em\u00bb subhead_font=\u00bbLibre Franklin|700|on||||||\u00bb subhead_text_color=\u00bb#ffbb00&#8243; background_color=\u00bbRGBA(0,0,0,0)\u00bb background_enable_image=\u00bboff\u00bb custom_padding=\u00bb||191px|||\u00bb title_font_size_tablet=\u00bb\u00bb title_font_size_phone=\u00bb2em\u00bb title_font_size_last_edited=\u00bbon|phone\u00bb]<\/p>\n<p>Estamos comprometidos a ofrecer productos tecnol\u00f3gicos que generan energ\u00eda limpia, enfocados al ahorro y eficiencia energ\u00e9tica, cumpliendo con los requisitos de nuestros clientes, as\u00ed como los aplicables, contribuyendo al equilibrio ambiental mediante la mejora continua de nuestro sistema de gesti\u00f3n de calidad.<\/p>\n<p>[\/et_pb_fullwidth_header][\/et_pb_section][et_pb_section fb_built=\u00bb1&#8243; admin_label=\u00bbServices\u00bb _builder_version=\u00bb4.9.0&#8243; background_color=\u00bb#FFFFFF\u00bb custom_padding=\u00bb0px|0px|0|0px|false|false\u00bb locked=\u00bboff\u00bb][et_pb_row _builder_version=\u00bb4.9.0&#8243; _module_preset=\u00bbdefault\u00bb custom_padding=\u00bb||0px|||\u00bb][et_pb_column type=\u00bb4_4&#8243; _builder_version=\u00bb4.9.0&#8243; _module_preset=\u00bbdefault\u00bb][et_pb_slider arrows_custom_color=\u00bb#0C71C3&#8243; dot_nav_custom_color=\u00bb#E09900&#8243; _builder_version=\u00bb4.9.0&#8243; _module_preset=\u00bbdefault\u00bb background_color=\u00bbRGBA(0,0,0,0)\u00bb custom_padding=\u00bb118px|||||\u00bb][et_pb_slide heading=\u00bbNuestra Misi\u00f3n\u00bb _builder_version=\u00bb4.9.0&#8243; _module_preset=\u00bbdefault\u00bb header_font=\u00bbLibre Franklin|800|||||||\u00bb header_text_color=\u00bb#E09900&#8243; header_font_size=\u00bb3em\u00bb header_line_height=\u00bb2.2em\u00bb body_font=\u00bbLibre Franklin||||||||\u00bb body_text_color=\u00bb#000000&#8243; background_enable_color=\u00bboff\u00bb header_text_shadow_style=\u00bbpreset3&#8243; header_text_shadow_color=\u00bbRGBA(0,0,0,0)\u00bb sticky_transition=\u00bbon\u00bb]<\/p>\n<p>Generar energ\u00edas limpias, ofreciendo la \u00f3ptima satisfacci\u00f3n a nuestro cliente y contribuyendo al equilibrio ambiental.<\/p>\n<p>[\/et_pb_slide][et_pb_slide heading=\u00bbNuestra Visi\u00f3n\u00bb _builder_version=\u00bb4.9.0&#8243; _module_preset=\u00bbdefault\u00bb header_font=\u00bbLibre Franklin|800|||||||\u00bb header_text_color=\u00bb#E09900&#8243; header_font_size=\u00bb3em\u00bb header_line_height=\u00bb2.2em\u00bb body_font=\u00bbLibre Franklin||||||||\u00bb body_text_color=\u00bb#000000&#8243; background_enable_color=\u00bboff\u00bb header_text_shadow_style=\u00bbpreset3&#8243; header_text_shadow_color=\u00bbRGBA(0,0,0,0)\u00bb sticky_transition=\u00bbon\u00bb]<\/p>\n<p>Ser la empresa l\u00edder de M\u00e9xico, en la generaci\u00f3n de energ\u00eda limpia y eficiencia energ\u00e9tica.<\/p>\n<p>[\/et_pb_slide][et_pb_slide heading=\u00bbNuestro Alcance\u00bb _builder_version=\u00bb4.9.0&#8243; _module_preset=\u00bbdefault\u00bb header_font=\u00bbLibre Franklin|800|||||||\u00bb header_text_color=\u00bb#E09900&#8243; header_font_size=\u00bb3em\u00bb header_line_height=\u00bb2.2em\u00bb body_font=\u00bbLibre Franklin||||||||\u00bb body_text_color=\u00bb#000000&#8243; background_enable_color=\u00bboff\u00bb header_text_shadow_style=\u00bbpreset3&#8243; header_text_shadow_color=\u00bbRGBA(0,0,0,0)\u00bb sticky_transition=\u00bbon\u00bb]<\/p>\n<p>Generadores e integradores de proyectos de energ\u00eda limpia, suministro de equipos para la generaci\u00f3n y eficiencia energ\u00e9tica.<\/p>\n<p>[\/et_pb_slide][\/et_pb_slider][\/et_pb_column][\/et_pb_row][\/et_pb_section][et_pb_section fb_built=\u00bb1&#8243; _builder_version=\u00bb4.9.0&#8243; _module_preset=\u00bbdefault\u00bb background_color=\u00bb#00709f\u00bb use_background_color_gradient=\u00bbon\u00bb background_color_gradient_start=\u00bbrgba(0,112,159,0.76)\u00bb background_color_gradient_end=\u00bb#00709f\u00bb background_color_gradient_direction=\u00bb90deg\u00bb background_color_gradient_start_position=\u00bb49%\u00bb background_color_gradient_end_position=\u00bb77%\u00bb background_color_gradient_overlays_image=\u00bbon\u00bb background_image=\u00bbhttps:\/\/bioeco.com.mx\/web\/wp-content\/uploads\/2021\/08\/header-comercial.jpg\u00bb box_shadow_style=\u00bbpreset6&#8243;][et_pb_row _builder_version=\u00bb4.9.0&#8243; _module_preset=\u00bbdefault\u00bb][et_pb_column type=\u00bb4_4&#8243; _builder_version=\u00bb4.9.0&#8243; _module_preset=\u00bbdefault\u00bb][et_pb_text _builder_version=\u00bb4.9.0&#8243; _module_preset=\u00bbdefault\u00bb header_text_color=\u00bb#FFFFFF\u00bb header_2_font=\u00bbLibre Franklin|800|||||||\u00bb header_2_text_align=\u00bbcenter\u00bb header_2_text_color=\u00bb#FFFFFF\u00bb header_2_font_size=\u00bb3em\u00bb]<\/p>\n<h2>Nuestros Valores<\/h2>\n<p>[\/et_pb_text][\/et_pb_column][\/et_pb_row][et_pb_row column_structure=\u00bb1_5,1_5,1_5,1_5,1_5&#8243; use_custom_gutter=\u00bbon\u00bb gutter_width=\u00bb2&#8243; make_equal=\u00bbon\u00bb _builder_version=\u00bb4.9.0&#8243; _module_preset=\u00bbdefault\u00bb custom_padding=\u00bb32px|||||\u00bb][et_pb_column type=\u00bb1_5&#8243; _builder_version=\u00bb4.9.0&#8243; _module_preset=\u00bbdefault\u00bb][et_pb_blurb title=\u00bbResponsabilidad Ambiental\u00bb image=\u00bbhttps:\/\/bioeco.com.mx\/web\/wp-content\/uploads\/2021\/09\/valores3-300&#215;300.png\u00bb image_max_width=\u00bb60%\u00bb _builder_version=\u00bb4.9.0&#8243; _module_preset=\u00bbdefault\u00bb header_font=\u00bbLibre Franklin|700|||||||\u00bb header_text_align=\u00bbcenter\u00bb header_text_color=\u00bb#00709f\u00bb header_font_size=\u00bb1.1em\u00bb header_line_height=\u00bb1.2em\u00bb body_font=\u00bbLibre Franklin||||||||\u00bb body_text_align=\u00bbcenter\u00bb body_text_color=\u00bb#666666&#8243; body_font_size=\u00bb16px\u00bb body_line_height=\u00bb1.5em\u00bb background_color=\u00bb#FFFFFF\u00bb module_alignment=\u00bbcenter\u00bb custom_padding=\u00bb1vw|1vw|1vw|1vw|true|true\u00bb child_filter_sepia=\u00bb3%\u00bb animation_style=\u00bbslide\u00bb animation_direction=\u00bbbottom\u00bb border_radii=\u00bbon|24px|24px|24px|24px\u00bb box_shadow_style=\u00bbpreset3&#8243;]<\/p>\n<p>Estar alineado con el cuidado del medio ambiente.<\/p>\n<p>[\/et_pb_blurb][\/et_pb_column][et_pb_column type=\u00bb1_5&#8243; _builder_version=\u00bb4.9.0&#8243; _module_preset=\u00bbdefault\u00bb][et_pb_blurb title=\u00bbCalidad en el servicio\u00bb image=\u00bbhttps:\/\/bioeco.com.mx\/web\/wp-content\/uploads\/2021\/09\/valores2-300&#215;300.png\u00bb image_max_width=\u00bb60%\u00bb _builder_version=\u00bb4.9.0&#8243; _module_preset=\u00bbdefault\u00bb header_font=\u00bbLibre Franklin|700|||||||\u00bb header_text_align=\u00bbcenter\u00bb header_text_color=\u00bb#00709f\u00bb header_font_size=\u00bb1.1em\u00bb header_line_height=\u00bb1.2em\u00bb body_font=\u00bbLibre Franklin||||||||\u00bb body_text_align=\u00bbcenter\u00bb body_text_color=\u00bb#666666&#8243; body_font_size=\u00bb16px\u00bb body_line_height=\u00bb1.5em\u00bb background_color=\u00bb#FFFFFF\u00bb module_alignment=\u00bbcenter\u00bb custom_padding=\u00bb1vw|1vw|1vw|1vw|true|true\u00bb child_filter_sepia=\u00bb3%\u00bb animation_style=\u00bbslide\u00bb animation_direction=\u00bbbottom\u00bb border_radii=\u00bbon|24px|24px|24px|24px\u00bb box_shadow_style=\u00bbpreset3&#8243;]<\/p>\n<p>Ofrecer a nuestros clientes la mejor propuesta y el mejor servicio.<\/p>\n<p>[\/et_pb_blurb][\/et_pb_column][et_pb_column type=\u00bb1_5&#8243; _builder_version=\u00bb4.9.0&#8243; _module_preset=\u00bbdefault\u00bb][et_pb_blurb title=\u00bbInnovaci\u00f3n\u00bb image=\u00bbhttps:\/\/bioeco.com.mx\/web\/wp-content\/uploads\/2021\/09\/valores1-300&#215;300.png\u00bb image_max_width=\u00bb60%\u00bb _builder_version=\u00bb4.9.0&#8243; _module_preset=\u00bbdefault\u00bb header_font=\u00bbLibre Franklin|700|||||||\u00bb header_text_align=\u00bbcenter\u00bb header_text_color=\u00bb#00709f\u00bb header_font_size=\u00bb1.1em\u00bb header_line_height=\u00bb1.2em\u00bb body_font=\u00bbLibre Franklin||||||||\u00bb body_text_align=\u00bbcenter\u00bb body_text_color=\u00bb#666666&#8243; body_font_size=\u00bb16px\u00bb body_line_height=\u00bb1.5em\u00bb background_color=\u00bb#FFFFFF\u00bb module_alignment=\u00bbcenter\u00bb custom_padding=\u00bb1vw|1vw|1vw|1vw|true|true\u00bb child_filter_sepia=\u00bb3%\u00bb animation_style=\u00bbslide\u00bb animation_direction=\u00bbbottom\u00bb border_radii=\u00bbon|24px|24px|24px|24px\u00bb box_shadow_style=\u00bbpreset3&#8243;]<\/p>\n<p>Estar a la vanguardia tecnol\u00f3gica de la generaci\u00f3n de energ\u00eda limpia.<\/p>\n<p>[\/et_pb_blurb][\/et_pb_column][et_pb_column type=\u00bb1_5&#8243; _builder_version=\u00bb4.9.0&#8243; _module_preset=\u00bbdefault\u00bb][et_pb_blurb title=\u00bbRespeto\u00bb image=\u00bbhttps:\/\/bioeco.com.mx\/web\/wp-content\/uploads\/2021\/09\/valores4-300&#215;300.png\u00bb image_max_width=\u00bb60%\u00bb _builder_version=\u00bb4.9.0&#8243; _module_preset=\u00bbdefault\u00bb header_font=\u00bbLibre Franklin|700|||||||\u00bb header_text_align=\u00bbcenter\u00bb header_text_color=\u00bb#00709f\u00bb header_font_size=\u00bb1.1em\u00bb header_line_height=\u00bb1.2em\u00bb body_font=\u00bbLibre Franklin||||||||\u00bb body_text_align=\u00bbcenter\u00bb body_text_color=\u00bb#666666&#8243; body_font_size=\u00bb16px\u00bb body_line_height=\u00bb1.5em\u00bb background_color=\u00bb#FFFFFF\u00bb module_alignment=\u00bbcenter\u00bb custom_padding=\u00bb1vw|1vw|1vw|1vw|true|true\u00bb child_filter_sepia=\u00bb3%\u00bb animation_style=\u00bbslide\u00bb animation_direction=\u00bbbottom\u00bb border_radii=\u00bbon|24px|24px|24px|24px\u00bb box_shadow_style=\u00bbpreset3&#8243;]<\/p>\n<p>Respeto al equipo de trabajo, clientes y proveedores.<\/p>\n<p>[\/et_pb_blurb][\/et_pb_column][et_pb_column type=\u00bb1_5&#8243; _builder_version=\u00bb4.9.0&#8243; _module_preset=\u00bbdefault\u00bb][et_pb_blurb title=\u00bb\u00c9tica\u00bb image=\u00bbhttps:\/\/bioeco.com.mx\/web\/wp-content\/uploads\/2021\/09\/valores5-300&#215;300.png\u00bb image_max_width=\u00bb60%\u00bb _builder_version=\u00bb4.9.0&#8243; _module_preset=\u00bbdefault\u00bb header_font=\u00bbLibre Franklin|700|||||||\u00bb header_text_align=\u00bbcenter\u00bb header_text_color=\u00bb#00709f\u00bb header_font_size=\u00bb1.1em\u00bb header_line_height=\u00bb1.2em\u00bb body_font=\u00bbLibre Franklin||||||||\u00bb body_text_align=\u00bbcenter\u00bb body_text_color=\u00bb#666666&#8243; body_font_size=\u00bb16px\u00bb body_line_height=\u00bb1.5em\u00bb background_color=\u00bb#FFFFFF\u00bb module_alignment=\u00bbcenter\u00bb custom_padding=\u00bb1vw|1vw|1vw|1vw|true|true\u00bb child_filter_sepia=\u00bb3%\u00bb animation_style=\u00bbslide\u00bb animation_direction=\u00bbbottom\u00bb border_radii=\u00bbon|24px|24px|24px|24px\u00bb box_shadow_style=\u00bbpreset3&#8243;]<\/p>\n<p>Hablar siempre con la verdad al cliente.<\/p>\n<p>[\/et_pb_blurb][\/et_pb_column][\/et_pb_row][\/et_pb_section][et_pb_section fb_built=\u00bb1&#8243; _builder_version=\u00bb4.9.0&#8243; _module_preset=\u00bbdefault\u00bb][et_pb_row column_structure=\u00bb2_5,3_5&#8243; _builder_version=\u00bb4.9.0&#8243; _module_preset=\u00bbdefault\u00bb][et_pb_column type=\u00bb2_5&#8243; _builder_version=\u00bb4.9.0&#8243; _module_preset=\u00bbdefault\u00bb][et_pb_image src=\u00bbhttps:\/\/bioeco.com.mx\/web\/wp-content\/uploads\/2021\/09\/TL_ASOLMEX-Logotipo_22.02.18.png\u00bb title_text=\u00bbTL_ASOLMEX-Logotipo_22.02.18&#8243; _builder_version=\u00bb4.9.0&#8243; _module_preset=\u00bbdefault\u00bb background_color=\u00bbRGBA(0,0,0,0)\u00bb][\/et_pb_image][\/et_pb_column][et_pb_column type=\u00bb3_5&#8243; _builder_version=\u00bb4.9.0&#8243; _module_preset=\u00bbdefault\u00bb][et_pb_image src=\u00bbhttps:\/\/bioeco.com.mx\/web\/wp-content\/uploads\/2021\/07\/electrician_04.png\u00bb _builder_version=\u00bb3.23&#8243; custom_margin=\u00bb||4px|\u00bb animation_style=\u00bbfold\u00bb animation_direction=\u00bbtop\u00bb always_center_on_mobile=\u00bboff\u00bb locked=\u00bboff\u00bb][\/et_pb_image][et_pb_text _builder_version=\u00bb4.9.0&#8243; text_font=\u00bb||||||||\u00bb header_font=\u00bb||||||||\u00bb header_6_font=\u00bbLibre Franklin|600|||||||\u00bb header_6_text_color=\u00bb#ecb400&#8243; header_6_font_size=\u00bb18px\u00bb header_6_line_height=\u00bb1.8em\u00bb custom_margin=\u00bb|||\u00bb border_color_all=\u00bb#ffb400&#8243; border_width_bottom=\u00bb2px\u00bb locked=\u00bboff\u00bb]<\/p>\n<h6>Miembros desde el <strong>25 de mayo de 2020<\/strong><\/h6>\n<p>[\/et_pb_text][et_pb_text _builder_version=\u00bb4.9.0&#8243; _module_preset=\u00bbdefault\u00bb text_text_color=\u00bb#000000&#8243; text_font_size=\u00bb0.9em\u00bb header_2_font=\u00bbLibre Franklin||||||||\u00bb header_2_text_color=\u00bb#000000&#8243; header_2_font_size=\u00bb3em\u00bb text_orientation=\u00bbjustified\u00bb]<\/p>\n<p>La Asociaci\u00f3n Mexicana de Energ\u00eda Solar (Asolmex) fue creada en mayo de 2014 con el prop\u00f3sito de promover el desarrollo de la generaci\u00f3n de energ\u00eda el\u00e9ctrica solar fotovoltaica a nivel nacional. Asolmex integra a m\u00e1s de un centenar de empresas relacionadas con todos los segmentos de la cadena de valor tanto de generaci\u00f3n distribuida como de gran escala.<\/p>\n<p>Impulsamos el crecimiento del mercado de generaci\u00f3n de la energ\u00eda el\u00e9ctrica solar fotovoltaica a nivel nacional y el almacenamiento de energ\u00eda.<\/p>\n<p>[\/et_pb_text][\/et_pb_column][\/et_pb_row][et_pb_row column_structure=\u00bb3_5,2_5&#8243; _builder_version=\u00bb4.9.0&#8243; _module_preset=\u00bbdefault\u00bb][et_pb_column type=\u00bb3_5&#8243; _builder_version=\u00bb4.9.0&#8243; _module_preset=\u00bbdefault\u00bb][et_pb_image src=\u00bbhttps:\/\/bioeco.com.mx\/web\/wp-content\/uploads\/2021\/07\/electrician_04.png\u00bb _builder_version=\u00bb3.23&#8243; custom_margin=\u00bb||4px|\u00bb animation_style=\u00bbfold\u00bb animation_direction=\u00bbtop\u00bb always_center_on_mobile=\u00bboff\u00bb locked=\u00bboff\u00bb][\/et_pb_image][et_pb_text _builder_version=\u00bb4.9.0&#8243; text_font=\u00bb||||||||\u00bb header_font=\u00bb||||||||\u00bb header_6_font=\u00bbLibre Franklin|600|||||||\u00bb header_6_text_color=\u00bb#ecb400&#8243; header_6_font_size=\u00bb18px\u00bb header_6_line_height=\u00bb1.8em\u00bb custom_margin=\u00bb|||\u00bb border_color_all=\u00bb#ffb400&#8243; border_width_bottom=\u00bb2px\u00bb locked=\u00bboff\u00bb]<\/p>\n<h6>Certificados desde el <strong>10 de marzo de 2021<\/strong><\/h6>\n<p>[\/et_pb_text][et_pb_text _builder_version=\u00bb4.9.0&#8243; _module_preset=\u00bbdefault\u00bb text_text_color=\u00bb#000000&#8243; text_font_size=\u00bb0.9em\u00bb header_2_font=\u00bbLibre Franklin||||||||\u00bb header_2_text_color=\u00bb#000000&#8243; header_2_font_size=\u00bb3em\u00bb text_orientation=\u00bbjustified\u00bb]<\/p>\n<p>Contamos con una Certificaci\u00f3n en nuestro Sistema de Gesti\u00f3n de Calidad ISO 9001: 2015.<\/p>\n<p>[\/et_pb_text][\/et_pb_column][et_pb_column type=\u00bb2_5&#8243; _builder_version=\u00bb4.9.0&#8243; _module_preset=\u00bbdefault\u00bb][et_pb_image src=\u00bbhttps:\/\/bioeco.com.mx\/web\/wp-content\/uploads\/2021\/09\/Marcas-de-Certificacion-2015.png\u00bb title_text=\u00bbMarcas de Certificacion 2015&#8243; _builder_version=\u00bb4.9.0&#8243; _module_preset=\u00bbdefault\u00bb background_color=\u00bbRGBA(0,0,0,0)\u00bb custom_margin=\u00bb107px|||||\u00bb][\/et_pb_image][\/et_pb_column][\/et_pb_row][\/et_pb_section]<\/p>\n","protected":false},"excerpt":{"rendered":"<p>Estamos comprometidos a ofrecer productos tecnol\u00f3gicos que generan energ\u00eda limpia, enfocados al ahorro y eficiencia energ\u00e9tica, cumpliendo con los requisitos de nuestros clientes, as\u00ed como los aplicables, contribuyendo al equilibrio ambiental mediante la mejora continua de nuestro sistema de gesti\u00f3n de calidad.Generar energ\u00edas limpias, ofreciendo la \u00f3ptima satisfacci\u00f3n a nuestro cliente y contribuyendo al equilibrio [&hellip;]<\/p>\n","protected":false},"author":1,"featured_media":0,"parent":0,"menu_order":0,"comment_status":"closed","ping_status":"closed","template":"","meta":{"_et_pb_use_builder":"on","_et_pb_old_content":"<!-- wp:divi\/placeholder \/-->","_et_gb_content_width":"","footnotes":""},"class_list":["post-12930","page","type-page","status-publish","hentry"],"_links":{"self":[{"href":"https:\/\/www.bioeco.com.mx\/web\/wp-json\/wp\/v2\/pages\/12930","targetHints":{"allow":["GET"]}}],"collection":[{"href":"https:\/\/www.bioeco.com.mx\/web\/wp-json\/wp\/v2\/pages"}],"about":[{"href":"https:\/\/www.bioeco.com.mx\/web\/wp-json\/wp\/v2\/types\/page"}],"author":[{"embeddable":true,"href":"https:\/\/www.bioeco.com.mx\/web\/wp-json\/wp\/v2\/users\/1"}],"replies":[{"embeddable":true,"href":"https:\/\/www.bioeco.com.mx\/web\/wp-json\/wp\/v2\/comments?post=12930"}],"version-history":[{"count":0,"href":"https:\/\/www.bioeco.com.mx\/web\/wp-json\/wp\/v2\/pages\/12930\/revisions"}],"wp:attachment":[{"href":"https:\/\/www.bioeco.com.mx\/web\/wp-json\/wp\/v2\/media?parent=12930"}],"curies":[{"name":"wp","href":"https:\/\/api.w.org\/{rel}","templated":true}]}}