{"id":12931,"date":"2021-07-28T19:23:56","date_gmt":"2021-07-28T19:23:56","guid":{"rendered":"https:\/\/bioeco.com.mx\/?page_id=12931"},"modified":"2021-10-14T19:26:56","modified_gmt":"2021-10-14T19:26:56","slug":"soluciones","status":"publish","type":"page","link":"https:\/\/www.bioeco.com.mx\/web\/soluciones\/","title":{"rendered":"Soluciones"},"content":{"rendered":"<p>[et_pb_section fb_built=\u00bb1&#8243; fullwidth=\u00bbon\u00bb admin_label=\u00bbHeader\u00bb _builder_version=\u00bb4.9.0&#8243; background_color=\u00bbRGBA(0,0,0,0)\u00bb background_image=\u00bbhttps:\/\/bioeco.com.mx\/web\/wp-content\/uploads\/2021\/08\/header-industrial.jpg\u00bb parallax=\u00bbon\u00bb background_enable_video_mp4=\u00bboff\u00bb background_video_width=\u00bb100%\u00bb box_shadow_style=\u00bbpreset7&#8243; box_shadow_horizontal=\u00bb0px\u00bb box_shadow_vertical=\u00bb-80px\u00bb box_shadow_color=\u00bb#000000&#8243;][et_pb_fullwidth_menu active_link_color=\u00bb#E09900&#8243; dropdown_menu_bg_color=\u00bbrgba(0,0,0,0.72)\u00bb dropdown_menu_line_color=\u00bb#0C71C3&#8243; logo=\u00bbhttps:\/\/bioeco.com.mx\/web\/wp-content\/uploads\/2021\/10\/Bioeco-LogotipoW-300&#215;74.png\u00bb logo_url=\u00bbhttps:\/\/demo.ianosuna.com\u00bb logo_max_width=\u00bb67%\u00bb disabled_on=\u00bbon|on|off\u00bb _builder_version=\u00bb4.9.0&#8243; _module_preset=\u00bbdefault\u00bb menu_font=\u00bbLibre Franklin||||||||\u00bb menu_text_color=\u00bb#FFFFFF\u00bb menu_letter_spacing=\u00bb1px\u00bb background_color=\u00bbRGBA(0,0,0,0)\u00bb text_orientation=\u00bbright\u00bb custom_padding=\u00bb1vw||1vw||true|false\u00bb][\/et_pb_fullwidth_menu][et_pb_fullwidth_header title=\u00bbSoluciones\u00bb subhead=\u00bbTodo para tu proyecto\u00bb content_max_width=\u00bb68%\u00bb _builder_version=\u00bb4.9.0&#8243; _module_preset=\u00bbdefault\u00bb title_font=\u00bbLibre Franklin|700|||||||\u00bb title_font_size=\u00bb5em\u00bb content_font=\u00bbLibre Franklin|300|||||||\u00bb content_text_align=\u00bbjustify\u00bb content_font_size=\u00bb1.1em\u00bb content_line_height=\u00bb1.5em\u00bb subhead_font=\u00bbLibre Franklin|700|on||||||\u00bb subhead_text_color=\u00bb#ffbb00&#8243; background_color=\u00bbRGBA(0,0,0,0)\u00bb background_enable_image=\u00bboff\u00bb custom_padding=\u00bb109px||262px|||\u00bb title_font_size_tablet=\u00bb\u00bb title_font_size_phone=\u00bb2em\u00bb title_font_size_last_edited=\u00bbon|phone\u00bb]<\/p>\n<p>Desde el dise\u00f1o hasta la instalaci\u00f3n y supervisi\u00f3n del servicio. La tecnolog\u00eda de paneles solares est\u00e1 dise\u00f1ada para generar ahorros econ\u00f3micos importantes ya que transforma la energ\u00eda gratuita del sol en corriente el\u00e9ctrica econ\u00f3mica y limpia. Adem\u00e1s, cada panel tiene una vida \u00fatil de 25 a\u00f1os o m\u00e1s y su mantenimiento es sumamente bajo.<\/p>\n<p>[\/et_pb_fullwidth_header][\/et_pb_section][et_pb_section fb_built=\u00bb1&#8243; admin_label=\u00bbServices\u00bb _builder_version=\u00bb4.9.0&#8243; background_color=\u00bb#FFFFFF\u00bb custom_padding=\u00bb0px|0px|0|0px|false|false\u00bb locked=\u00bboff\u00bb][et_pb_row column_structure=\u00bb1_5,1_5,1_5,1_5,1_5&#8243; use_custom_gutter=\u00bbon\u00bb gutter_width=\u00bb2&#8243; make_equal=\u00bbon\u00bb _builder_version=\u00bb4.9.0&#8243; _module_preset=\u00bbdefault\u00bb custom_margin=\u00bb15px||||false|false\u00bb custom_padding=\u00bb20px||104px||false|false\u00bb][et_pb_column type=\u00bb1_5&#8243; _builder_version=\u00bb4.9.0&#8243; _module_preset=\u00bbdefault\u00bb][et_pb_blurb title=\u00bbPaneles Solares\u00bb url=\u00bb\/paneles-solares\/\u00bb image=\u00bbhttps:\/\/bioeco.com.mx\/web\/wp-content\/uploads\/2021\/08\/ico-paneles-1.png\u00bb image_max_width=\u00bb60%\u00bb _builder_version=\u00bb4.9.0&#8243; _module_preset=\u00bbdefault\u00bb header_font=\u00bbLibre Franklin|700|||||||\u00bb header_text_align=\u00bbcenter\u00bb header_text_color=\u00bb#00709f\u00bb header_font_size=\u00bb1.1em\u00bb header_line_height=\u00bb1.2em\u00bb body_font=\u00bbLibre Franklin||||||||\u00bb body_text_align=\u00bbcenter\u00bb body_text_color=\u00bb#666666&#8243; body_font_size=\u00bb16px\u00bb body_line_height=\u00bb1.5em\u00bb background_color=\u00bb#FFFFFF\u00bb module_alignment=\u00bbcenter\u00bb custom_margin=\u00bb-78px||||false|false\u00bb custom_padding=\u00bb2vw|1vw|2vw|1vw|true|true\u00bb child_filter_sepia=\u00bb3%\u00bb animation_style=\u00bbslide\u00bb animation_direction=\u00bbbottom\u00bb link_option_url=\u00bb\/paneles-solares\/\u00bb border_radii=\u00bbon|24px|24px|24px|24px\u00bb box_shadow_style=\u00bbpreset3&#8243; background__hover_enabled=\u00bbon|hover\u00bb background_color__hover=\u00bb#066fa8&#8243; background_enable_color__hover=\u00bbon\u00bb header_text_color__hover_enabled=\u00bbon|desktop\u00bb header_text_color__hover=\u00bb#FFFFFF\u00bb][\/et_pb_blurb][\/et_pb_column][et_pb_column type=\u00bb1_5&#8243; _builder_version=\u00bb4.9.0&#8243; _module_preset=\u00bbdefault\u00bb][et_pb_blurb title=\u00bbAlmacenamiento de energ\u00eda\u00bb url=\u00bb\/almacenamiento-de-energia\/\u00bb image=\u00bbhttps:\/\/bioeco.com.mx\/web\/wp-content\/uploads\/2021\/08\/ico-bateria-1.png\u00bb image_max_width=\u00bb60%\u00bb _builder_version=\u00bb4.9.0&#8243; _module_preset=\u00bbdefault\u00bb header_font=\u00bbLibre Franklin|700|||||||\u00bb header_text_align=\u00bbcenter\u00bb header_text_color=\u00bb#00709f\u00bb header_font_size=\u00bb1.1em\u00bb header_line_height=\u00bb1.2em\u00bb body_font=\u00bbLibre Franklin||||||||\u00bb body_text_align=\u00bbcenter\u00bb body_text_color=\u00bb#666666&#8243; body_font_size=\u00bb16px\u00bb body_line_height=\u00bb1.5em\u00bb background_color=\u00bb#FFFFFF\u00bb module_alignment=\u00bbcenter\u00bb custom_margin=\u00bb-78px||||false|false\u00bb custom_padding=\u00bb2vw|1vw|2vw|1vw|true|true\u00bb child_filter_sepia=\u00bb3%\u00bb animation_style=\u00bbslide\u00bb animation_direction=\u00bbbottom\u00bb link_option_url=\u00bb\/almacenamiento-de-energia\/\u00bb border_radii=\u00bbon|24px|24px|24px|24px\u00bb box_shadow_style=\u00bbpreset3&#8243; background__hover_enabled=\u00bbon|hover\u00bb background_color__hover=\u00bb#066fa8&#8243; background_enable_color__hover=\u00bbon\u00bb header_text_color__hover_enabled=\u00bbon|desktop\u00bb header_text_color__hover=\u00bb#FFFFFF\u00bb][\/et_pb_blurb][\/et_pb_column][et_pb_column type=\u00bb1_5&#8243; _builder_version=\u00bb4.9.0&#8243; _module_preset=\u00bbdefault\u00bb][et_pb_blurb title=\u00bbMantenimiento de Plantas\u00bb url=\u00bb\/mantenimiento-de-plantas-solares\/\u00bb image=\u00bbhttps:\/\/bioeco.com.mx\/web\/wp-content\/uploads\/2021\/08\/ico-mantenimiento.png\u00bb image_max_width=\u00bb60%\u00bb _builder_version=\u00bb4.9.0&#8243; _module_preset=\u00bbdefault\u00bb header_font=\u00bbLibre Franklin|700|||||||\u00bb header_text_align=\u00bbcenter\u00bb header_text_color=\u00bb#00709f\u00bb header_font_size=\u00bb1.1em\u00bb header_line_height=\u00bb1.2em\u00bb body_font=\u00bbLibre Franklin||||||||\u00bb body_text_align=\u00bbcenter\u00bb body_text_color=\u00bb#666666&#8243; body_font_size=\u00bb16px\u00bb body_line_height=\u00bb1.5em\u00bb background_color=\u00bb#FFFFFF\u00bb module_alignment=\u00bbcenter\u00bb custom_margin=\u00bb-78px||||false|false\u00bb custom_padding=\u00bb2vw|1vw|2vw|1vw|true|true\u00bb child_filter_sepia=\u00bb3%\u00bb animation_style=\u00bbslide\u00bb animation_direction=\u00bbbottom\u00bb link_option_url=\u00bb\/mantenimiento-de-plantas-solares\/\u00bb border_radii=\u00bbon|24px|24px|24px|24px\u00bb box_shadow_style=\u00bbpreset3&#8243; background__hover_enabled=\u00bbon|hover\u00bb background_color__hover=\u00bb#066fa8&#8243; background_enable_color__hover=\u00bbon\u00bb header_text_color__hover_enabled=\u00bbon|desktop\u00bb header_text_color__hover=\u00bb#FFFFFF\u00bb][\/et_pb_blurb][\/et_pb_column][et_pb_column type=\u00bb1_5&#8243; _builder_version=\u00bb4.9.0&#8243; _module_preset=\u00bbdefault\u00bb][et_pb_blurb title=\u00bbEficiencia energ\u00e9tica\u00bb url=\u00bb\/eficiencia-energetica\/\u00bb image=\u00bbhttps:\/\/bioeco.com.mx\/web\/wp-content\/uploads\/2021\/08\/ico-eficiencia.png\u00bb image_max_width=\u00bb60%\u00bb _builder_version=\u00bb4.9.0&#8243; _module_preset=\u00bbdefault\u00bb header_font=\u00bbLibre Franklin|700|||||||\u00bb header_text_align=\u00bbcenter\u00bb header_text_color=\u00bb#00709f\u00bb header_font_size=\u00bb1.1em\u00bb header_line_height=\u00bb1.2em\u00bb body_font=\u00bbLibre Franklin||||||||\u00bb body_text_align=\u00bbcenter\u00bb body_text_color=\u00bb#666666&#8243; body_font_size=\u00bb16px\u00bb body_line_height=\u00bb1.5em\u00bb background_color=\u00bb#FFFFFF\u00bb module_alignment=\u00bbcenter\u00bb custom_margin=\u00bb-78px||||false|false\u00bb custom_padding=\u00bb2vw|1vw|2vw|1vw|true|true\u00bb child_filter_sepia=\u00bb3%\u00bb animation_style=\u00bbslide\u00bb animation_direction=\u00bbbottom\u00bb link_option_url=\u00bb\/eficiencia-energetica\/\u00bb border_radii=\u00bbon|24px|24px|24px|24px\u00bb box_shadow_style=\u00bbpreset3&#8243; background__hover_enabled=\u00bbon|hover\u00bb background_color__hover=\u00bb#066fa8&#8243; background_enable_color__hover=\u00bbon\u00bb header_text_color__hover_enabled=\u00bbon|desktop\u00bb header_text_color__hover=\u00bb#FFFFFF\u00bb][\/et_pb_blurb][\/et_pb_column][et_pb_column type=\u00bb1_5&#8243; _builder_version=\u00bb4.9.0&#8243; _module_preset=\u00bbdefault\u00bb][et_pb_blurb title=\u00bbPPA (Power Purchase Agreement)\u00bb url=\u00bb\/ppa-power-purchase-agreement\/\u00bb image=\u00bbhttps:\/\/bioeco.com.mx\/web\/wp-content\/uploads\/2021\/08\/ico-ppa.png\u00bb image_max_width=\u00bb60%\u00bb _builder_version=\u00bb4.9.0&#8243; _module_preset=\u00bbdefault\u00bb header_font=\u00bbLibre Franklin|700|||||||\u00bb header_text_align=\u00bbcenter\u00bb header_text_color=\u00bb#00709f\u00bb header_font_size=\u00bb1.1em\u00bb header_line_height=\u00bb1.2em\u00bb body_font=\u00bbLibre Franklin||||||||\u00bb body_text_align=\u00bbcenter\u00bb body_text_color=\u00bb#666666&#8243; body_font_size=\u00bb16px\u00bb body_line_height=\u00bb1.5em\u00bb background_color=\u00bb#FFFFFF\u00bb module_alignment=\u00bbcenter\u00bb custom_margin=\u00bb-78px||||false|false\u00bb custom_padding=\u00bb2vw|1vw|2vw|1vw|true|true\u00bb child_filter_sepia=\u00bb3%\u00bb animation_style=\u00bbslide\u00bb animation_direction=\u00bbbottom\u00bb link_option_url=\u00bb\/ppa-power-purchase-agreement\/\u00bb border_radii=\u00bbon|24px|24px|24px|24px\u00bb box_shadow_style=\u00bbpreset3&#8243; background__hover_enabled=\u00bbon|hover\u00bb background_color__hover=\u00bb#066fa8&#8243; background_enable_color__hover=\u00bbon\u00bb header_text_color__hover_enabled=\u00bbon|desktop\u00bb header_text_color__hover=\u00bb#FFFFFF\u00bb][\/et_pb_blurb][\/et_pb_column][\/et_pb_row][\/et_pb_section]<\/p>\n","protected":false},"excerpt":{"rendered":"<p>Desde el dise\u00f1o hasta la instalaci\u00f3n y supervisi\u00f3n del servicio. La tecnolog\u00eda de paneles solares est\u00e1 dise\u00f1ada para generar ahorros econ\u00f3micos importantes ya que transforma la energ\u00eda gratuita del sol en corriente el\u00e9ctrica econ\u00f3mica y limpia. Adem\u00e1s, cada panel tiene una vida \u00fatil de 25 a\u00f1os o m\u00e1s y su mantenimiento es sumamente bajo.<\/p>\n","protected":false},"author":1,"featured_media":0,"parent":0,"menu_order":0,"comment_status":"closed","ping_status":"closed","template":"","meta":{"_et_pb_use_builder":"on","_et_pb_old_content":"<!-- wp:divi\/placeholder \/-->","_et_gb_content_width":"","footnotes":""},"class_list":["post-12931","page","type-page","status-publish","hentry"],"_links":{"self":[{"href":"https:\/\/www.bioeco.com.mx\/web\/wp-json\/wp\/v2\/pages\/12931","targetHints":{"allow":["GET"]}}],"collection":[{"href":"https:\/\/www.bioeco.com.mx\/web\/wp-json\/wp\/v2\/pages"}],"about":[{"href":"https:\/\/www.bioeco.com.mx\/web\/wp-json\/wp\/v2\/types\/page"}],"author":[{"embeddable":true,"href":"https:\/\/www.bioeco.com.mx\/web\/wp-json\/wp\/v2\/users\/1"}],"replies":[{"embeddable":true,"href":"https:\/\/www.bioeco.com.mx\/web\/wp-json\/wp\/v2\/comments?post=12931"}],"version-history":[{"count":0,"href":"https:\/\/www.bioeco.com.mx\/web\/wp-json\/wp\/v2\/pages\/12931\/revisions"}],"wp:attachment":[{"href":"https:\/\/www.bioeco.com.mx\/web\/wp-json\/wp\/v2\/media?parent=12931"}],"curies":[{"name":"wp","href":"https:\/\/api.w.org\/{rel}","templated":true}]}}