{"id":13039,"date":"2021-08-25T16:24:40","date_gmt":"2021-08-25T16:24:40","guid":{"rendered":"https:\/\/bioeco.com.mx\/?page_id=13039"},"modified":"2021-10-14T19:35:34","modified_gmt":"2021-10-14T19:35:34","slug":"almacenamiento-de-energia","status":"publish","type":"page","link":"https:\/\/www.bioeco.com.mx\/web\/soluciones\/almacenamiento-de-energia\/","title":{"rendered":"Almacenamiento de energ\u00eda"},"content":{"rendered":"<p>[et_pb_section fb_built=\u00bb1&#8243; fullwidth=\u00bbon\u00bb admin_label=\u00bbHeader\u00bb _builder_version=\u00bb4.9.0&#8243; background_color=\u00bbRGBA(0,0,0,0)\u00bb background_image=\u00bbhttps:\/\/bioeco.com.mx\/web\/wp-content\/uploads\/2021\/09\/Slider4-1.jpg\u00bb parallax=\u00bbon\u00bb background_enable_video_mp4=\u00bboff\u00bb background_video_width=\u00bb100%\u00bb box_shadow_style=\u00bbpreset7&#8243; box_shadow_horizontal=\u00bb0px\u00bb box_shadow_vertical=\u00bb-80px\u00bb box_shadow_color=\u00bb#000000&#8243;][et_pb_fullwidth_menu active_link_color=\u00bb#E09900&#8243; dropdown_menu_bg_color=\u00bbrgba(0,0,0,0.72)\u00bb dropdown_menu_line_color=\u00bb#0C71C3&#8243; logo=\u00bbhttps:\/\/bioeco.com.mx\/web\/wp-content\/uploads\/2021\/10\/Bioeco-LogotipoW-300&#215;74.png\u00bb logo_url=\u00bbhttps:\/\/bioeco.com.mx\u00bb logo_max_width=\u00bb67%\u00bb disabled_on=\u00bbon|on|off\u00bb _builder_version=\u00bb4.9.0&#8243; _module_preset=\u00bbdefault\u00bb menu_font=\u00bbLibre Franklin||||||||\u00bb menu_text_color=\u00bb#FFFFFF\u00bb menu_letter_spacing=\u00bb1px\u00bb background_color=\u00bbRGBA(0,0,0,0)\u00bb text_orientation=\u00bbright\u00bb custom_padding=\u00bb1vw||1vw||true|false\u00bb][\/et_pb_fullwidth_menu][et_pb_fullwidth_header title=\u00bbAlmacenamiento de Energ\u00eda\u00bb subhead=\u00bbSoluciones\u00bb _builder_version=\u00bb4.9.0&#8243; _module_preset=\u00bbdefault\u00bb title_font=\u00bbLibre Franklin|700|||||||\u00bb title_font_size=\u00bb3em\u00bb subhead_font=\u00bbLibre Franklin|700|on||||||\u00bb subhead_text_color=\u00bb#ffbb00&#8243; background_color=\u00bbRGBA(0,0,0,0)\u00bb background_enable_image=\u00bboff\u00bb title_font_size_tablet=\u00bb\u00bb title_font_size_phone=\u00bb2em\u00bb title_font_size_last_edited=\u00bbon|phone\u00bb][\/et_pb_fullwidth_header][\/et_pb_section][et_pb_section fb_built=\u00bb1&#8243; admin_label=\u00bbServices\u00bb _builder_version=\u00bb4.9.0&#8243; background_color=\u00bb#FFFFFF\u00bb custom_padding=\u00bb54px|0px|0|0px|false|false\u00bb locked=\u00bboff\u00bb][et_pb_row column_structure=\u00bb1_2,1_2&#8243; _builder_version=\u00bb3.25&#8243; custom_padding=\u00bb1px|0px|0|0px|false|false\u00bb][et_pb_column type=\u00bb1_2&#8243; _builder_version=\u00bb3.25&#8243; custom_padding=\u00bb|||\u00bb custom_padding__hover=\u00bb|||\u00bb][et_pb_image src=\u00bbhttps:\/\/bioeco.com.mx\/web\/wp-content\/uploads\/2021\/07\/electrician_04.png\u00bb _builder_version=\u00bb3.23&#8243; custom_margin=\u00bb||4px|\u00bb animation_style=\u00bbfold\u00bb animation_direction=\u00bbtop\u00bb always_center_on_mobile=\u00bboff\u00bb locked=\u00bboff\u00bb][\/et_pb_image][et_pb_text _builder_version=\u00bb4.9.0&#8243; text_font=\u00bb||||||||\u00bb header_font=\u00bb||||||||\u00bb header_6_font=\u00bbLibre Franklin|600|||||||\u00bb header_6_text_color=\u00bb#ffb400&#8243; header_6_font_size=\u00bb18px\u00bb header_6_line_height=\u00bb1.8em\u00bb custom_margin=\u00bb|||\u00bb border_color_all=\u00bb#ffb400&#8243; border_width_bottom=\u00bb2px\u00bb locked=\u00bboff\u00bb]<\/p>\n<h6>Una soluci\u00f3n para tu hogar, negocio o industria.<\/h6>\n<p>[\/et_pb_text][et_pb_text _builder_version=\u00bb4.9.0&#8243; text_font=\u00bbLibre Franklin|300|||||||\u00bb text_font_size=\u00bb16px\u00bb header_font=\u00bb||||||||\u00bb header_2_font=\u00bbLibre Franklin|300|||||||\u00bb header_2_text_color=\u00bb#000000&#8243; header_2_font_size=\u00bb2.5em\u00bb header_2_line_height=\u00bb1.4em\u00bb background_layout=\u00bbdark\u00bb locked=\u00bboff\u00bb]<\/p>\n<h2>Nos preocupamos por ofrecerte soluciones <strong>en almacenamiento de energ\u00eda.<\/strong><\/h2>\n<p>[\/et_pb_text][et_pb_text _builder_version=\u00bb4.9.0&#8243; text_font=\u00bbLibre Franklin||||||||\u00bb text_text_color=\u00bb#000000&#8243; text_font_size=\u00bb1.1em\u00bb text_line_height=\u00bb1.5em\u00bb header_font=\u00bb||||||||\u00bb header_2_font=\u00bbLibre Franklin|300|||||||\u00bb header_2_font_size=\u00bb42px\u00bb header_2_line_height=\u00bb1.4em\u00bb text_orientation=\u00bbjustified\u00bb background_layout=\u00bbdark\u00bb locked=\u00bboff\u00bb]<\/p>\n<p>Utilizamos bater\u00edas <strong>para almacenar la energ\u00eda<\/strong> obtenida de los Paneles Solares de forma que est\u00e9 disponible para su utilizaci\u00f3n cuando sea necesaria. Adem\u00e1s de esto, llevamos energ\u00eda limpia a ubicaciones donde no llega la red de CFE.<\/p>\n<p>[\/et_pb_text][et_pb_button button_url=\u00bb\/soluciones\u00bb button_text=\u00bbRegresar a Soluciones\u00bb _builder_version=\u00bb4.9.0&#8243; _module_preset=\u00bbdefault\u00bb custom_button=\u00bbon\u00bb button_bg_color=\u00bb#edb100&#8243;][\/et_pb_button][\/et_pb_column][et_pb_column type=\u00bb1_2&#8243; _builder_version=\u00bb3.25&#8243; custom_padding=\u00bb|||\u00bb custom_padding__hover=\u00bb|||\u00bb][et_pb_gallery gallery_ids=\u00bb13113,13114,13115&#8243; fullwidth=\u00bbon\u00bb _builder_version=\u00bb4.9.0&#8243; _module_preset=\u00bbdefault\u00bb custom_margin=\u00bb136px|||||\u00bb border_width_all=\u00bb4px\u00bb border_color_all=\u00bb#FFFFFF\u00bb box_shadow_style=\u00bbpreset2&#8243;][\/et_pb_gallery][\/et_pb_column][\/et_pb_row][\/et_pb_section][et_pb_section fb_built=\u00bb1&#8243; _builder_version=\u00bb4.9.0&#8243; _module_preset=\u00bbdefault\u00bb custom_padding=\u00bb||0px|||\u00bb][et_pb_row _builder_version=\u00bb4.9.0&#8243; _module_preset=\u00bbdefault\u00bb][et_pb_column type=\u00bb4_4&#8243; _builder_version=\u00bb4.9.0&#8243; _module_preset=\u00bbdefault\u00bb][et_pb_text _builder_version=\u00bb4.9.0&#8243; text_font=\u00bbLibre Franklin|300|||||||\u00bb text_font_size=\u00bb16px\u00bb header_font=\u00bb||||||||\u00bb header_2_font=\u00bbLibre Franklin|300|||||||\u00bb header_2_text_align=\u00bbcenter\u00bb header_2_text_color=\u00bb#000000&#8243; header_2_font_size=\u00bb2.3em\u00bb header_2_line_height=\u00bb1.4em\u00bb background_layout=\u00bbdark\u00bb locked=\u00bboff\u00bb]<\/p>\n<h2>Esta Soluci\u00f3n <strong>est\u00e1\u00a0disponible <\/strong>en los siguientes sectores:<\/h2>\n<p>[\/et_pb_text][\/et_pb_column][\/et_pb_row][et_pb_row column_structure=\u00bb1_3,1_3,1_3&#8243; use_custom_gutter=\u00bbon\u00bb gutter_width=\u00bb1&#8243; make_equal=\u00bbon\u00bb _builder_version=\u00bb4.9.0&#8243; _module_preset=\u00bbdefault\u00bb width=\u00bb100%\u00bb max_width=\u00bb100%\u00bb custom_margin=\u00bb||||false|false\u00bb custom_padding=\u00bb0px||0px||false|false\u00bb][et_pb_column type=\u00bb1_3&#8243; _builder_version=\u00bb4.9.0&#8243; _module_preset=\u00bbdefault\u00bb use_background_color_gradient=\u00bbon\u00bb background_color_gradient_end=\u00bbrgba(33,83,158,0.45)\u00bb background_color_gradient_overlays_image=\u00bbon\u00bb background_image=\u00bbhttps:\/\/bioeco.com.mx\/web\/wp-content\/uploads\/2021\/08\/soluciones-residencial.jpg\u00bb custom_padding=\u00bb6vw||6vw||true|false\u00bb][et_pb_blurb title=\u00bbRESIDENCIAL\u00bb image=\u00bbhttps:\/\/bioeco.com.mx\/web\/wp-content\/uploads\/2021\/08\/ico-residencial-300&#215;300.png\u00bb image_max_width=\u00bb65%\u00bb _builder_version=\u00bb4.9.0&#8243; _module_preset=\u00bbdefault\u00bb header_font=\u00bbLibre Franklin|600|||||||\u00bb header_text_align=\u00bbcenter\u00bb header_text_color=\u00bb#FFFFFF\u00bb header_font_size=\u00bb2em\u00bb header_line_height=\u00bb1.8em\u00bb body_line_height=\u00bb1.4em\u00bb text_orientation=\u00bbcenter\u00bb background_layout=\u00bbdark\u00bb][\/et_pb_blurb][\/et_pb_column][et_pb_column type=\u00bb1_3&#8243; _builder_version=\u00bb4.9.0&#8243; _module_preset=\u00bbdefault\u00bb use_background_color_gradient=\u00bbon\u00bb background_color_gradient_end=\u00bbrgba(33,83,158,0.45)\u00bb background_color_gradient_overlays_image=\u00bbon\u00bb background_image=\u00bbhttps:\/\/bioeco.com.mx\/web\/wp-content\/uploads\/2021\/08\/soluciones-comercial.jpg\u00bb custom_padding=\u00bb4vw||4vw||true|false\u00bb][et_pb_blurb title=\u00bbCOMERCIAL\u00bb image=\u00bbhttps:\/\/bioeco.com.mx\/web\/wp-content\/uploads\/2021\/08\/ico-comercial-300&#215;300.png\u00bb image_max_width=\u00bb65%\u00bb _builder_version=\u00bb4.9.0&#8243; _module_preset=\u00bbdefault\u00bb header_font=\u00bbLibre Franklin|600|||||||\u00bb header_text_align=\u00bbcenter\u00bb header_text_color=\u00bb#FFFFFF\u00bb header_font_size=\u00bb2em\u00bb header_line_height=\u00bb1.8em\u00bb body_line_height=\u00bb1.4em\u00bb text_orientation=\u00bbcenter\u00bb background_layout=\u00bbdark\u00bb][\/et_pb_blurb][\/et_pb_column][et_pb_column type=\u00bb1_3&#8243; _builder_version=\u00bb4.9.0&#8243; _module_preset=\u00bbdefault\u00bb use_background_color_gradient=\u00bbon\u00bb background_color_gradient_end=\u00bbrgba(33,83,158,0.45)\u00bb background_color_gradient_overlays_image=\u00bbon\u00bb background_image=\u00bbhttps:\/\/bioeco.com.mx\/web\/wp-content\/uploads\/2021\/08\/soluciones-industrial.jpg\u00bb custom_padding=\u00bb4vw||4vw||true|false\u00bb][et_pb_blurb title=\u00bbINDUSTRIAL\u00bb image=\u00bbhttps:\/\/bioeco.com.mx\/web\/wp-content\/uploads\/2021\/08\/ico-industrial-300&#215;300.png\u00bb image_max_width=\u00bb65%\u00bb _builder_version=\u00bb4.9.0&#8243; _module_preset=\u00bbdefault\u00bb header_font=\u00bbLibre Franklin|600|||||||\u00bb header_text_align=\u00bbcenter\u00bb header_text_color=\u00bb#FFFFFF\u00bb header_font_size=\u00bb2em\u00bb header_line_height=\u00bb1.8em\u00bb body_line_height=\u00bb1.4em\u00bb text_orientation=\u00bbcenter\u00bb background_layout=\u00bbdark\u00bb][\/et_pb_blurb][\/et_pb_column][\/et_pb_row][\/et_pb_section]<\/p>\n","protected":false},"excerpt":{"rendered":"<p>Una soluci\u00f3n para tu hogar, negocio o industria.Nos preocupamos por ofrecerte soluciones en almacenamiento de energ\u00eda.Utilizamos bater\u00edas para almacenar la energ\u00eda obtenida de los Paneles Solares de forma que est\u00e9 disponible para su utilizaci\u00f3n cuando sea necesaria. Adem\u00e1s de esto, llevamos energ\u00eda limpia a ubicaciones donde no llega la red de CFE.Esta Soluci\u00f3n est\u00e1\u00a0disponible en [&hellip;]<\/p>\n","protected":false},"author":1,"featured_media":0,"parent":12931,"menu_order":0,"comment_status":"closed","ping_status":"closed","template":"","meta":{"_et_pb_use_builder":"on","_et_pb_old_content":"","_et_gb_content_width":"","footnotes":""},"class_list":["post-13039","page","type-page","status-publish","hentry"],"_links":{"self":[{"href":"https:\/\/www.bioeco.com.mx\/web\/wp-json\/wp\/v2\/pages\/13039","targetHints":{"allow":["GET"]}}],"collection":[{"href":"https:\/\/www.bioeco.com.mx\/web\/wp-json\/wp\/v2\/pages"}],"about":[{"href":"https:\/\/www.bioeco.com.mx\/web\/wp-json\/wp\/v2\/types\/page"}],"author":[{"embeddable":true,"href":"https:\/\/www.bioeco.com.mx\/web\/wp-json\/wp\/v2\/users\/1"}],"replies":[{"embeddable":true,"href":"https:\/\/www.bioeco.com.mx\/web\/wp-json\/wp\/v2\/comments?post=13039"}],"version-history":[{"count":0,"href":"https:\/\/www.bioeco.com.mx\/web\/wp-json\/wp\/v2\/pages\/13039\/revisions"}],"up":[{"embeddable":true,"href":"https:\/\/www.bioeco.com.mx\/web\/wp-json\/wp\/v2\/pages\/12931"}],"wp:attachment":[{"href":"https:\/\/www.bioeco.com.mx\/web\/wp-json\/wp\/v2\/media?parent=13039"}],"curies":[{"name":"wp","href":"https:\/\/api.w.org\/{rel}","templated":true}]}}