{"id":13041,"date":"2021-08-25T16:26:25","date_gmt":"2021-08-25T16:26:25","guid":{"rendered":"https:\/\/bioeco.com.mx\/?page_id=13041"},"modified":"2021-10-14T19:35:44","modified_gmt":"2021-10-14T19:35:44","slug":"eficiencia-energetica","status":"publish","type":"page","link":"https:\/\/www.bioeco.com.mx\/web\/soluciones\/eficiencia-energetica\/","title":{"rendered":"Eficiencia energ\u00e9tica"},"content":{"rendered":"<p>[et_pb_section fb_built=\u00bb1&#8243; fullwidth=\u00bbon\u00bb admin_label=\u00bbHeader\u00bb _builder_version=\u00bb4.9.0&#8243; background_color=\u00bbRGBA(0,0,0,0)\u00bb background_image=\u00bbhttps:\/\/bioeco.com.mx\/web\/wp-content\/uploads\/2021\/09\/Slider3-1.jpg\u00bb parallax=\u00bbon\u00bb background_enable_video_mp4=\u00bboff\u00bb background_video_width=\u00bb100%\u00bb box_shadow_style=\u00bbpreset7&#8243; box_shadow_horizontal=\u00bb0px\u00bb box_shadow_vertical=\u00bb-80px\u00bb box_shadow_color=\u00bb#000000&#8243;][et_pb_fullwidth_menu active_link_color=\u00bb#E09900&#8243; dropdown_menu_bg_color=\u00bbrgba(0,0,0,0.72)\u00bb dropdown_menu_line_color=\u00bb#0C71C3&#8243; logo=\u00bbhttps:\/\/bioeco.com.mx\/web\/wp-content\/uploads\/2021\/10\/Bioeco-LogotipoW-300&#215;74.png\u00bb logo_url=\u00bbhttps:\/\/bioeco.com.mx\u00bb logo_max_width=\u00bb67%\u00bb disabled_on=\u00bbon|on|off\u00bb _builder_version=\u00bb4.9.0&#8243; _module_preset=\u00bbdefault\u00bb menu_font=\u00bbLibre Franklin||||||||\u00bb menu_text_color=\u00bb#FFFFFF\u00bb menu_letter_spacing=\u00bb1px\u00bb background_color=\u00bbRGBA(0,0,0,0)\u00bb text_orientation=\u00bbright\u00bb custom_padding=\u00bb1vw||1vw||true|false\u00bb][\/et_pb_fullwidth_menu][et_pb_fullwidth_header title=\u00bbEficiencia energ\u00e9tica\u00bb subhead=\u00bbSoluciones\u00bb _builder_version=\u00bb4.9.0&#8243; _module_preset=\u00bbdefault\u00bb title_font=\u00bbLibre Franklin|700|||||||\u00bb title_font_size=\u00bb3em\u00bb subhead_font=\u00bbLibre Franklin|700|on||||||\u00bb subhead_text_color=\u00bb#ffbb00&#8243; background_color=\u00bbRGBA(0,0,0,0)\u00bb background_enable_image=\u00bboff\u00bb title_font_size_tablet=\u00bb\u00bb title_font_size_phone=\u00bb2em\u00bb title_font_size_last_edited=\u00bbon|phone\u00bb][\/et_pb_fullwidth_header][\/et_pb_section][et_pb_section fb_built=\u00bb1&#8243; admin_label=\u00bbServices\u00bb _builder_version=\u00bb4.9.0&#8243; background_color=\u00bb#FFFFFF\u00bb custom_padding=\u00bb54px|0px|0|0px|false|false\u00bb locked=\u00bboff\u00bb][et_pb_row column_structure=\u00bb1_2,1_2&#8243; _builder_version=\u00bb3.25&#8243; custom_padding=\u00bb1px|0px|0|0px|false|false\u00bb][et_pb_column type=\u00bb1_2&#8243; _builder_version=\u00bb3.25&#8243; custom_padding=\u00bb|||\u00bb custom_padding__hover=\u00bb|||\u00bb][et_pb_image src=\u00bbhttps:\/\/bioeco.com.mx\/web\/wp-content\/uploads\/2021\/07\/electrician_04.png\u00bb _builder_version=\u00bb3.23&#8243; custom_margin=\u00bb||4px|\u00bb animation_style=\u00bbfold\u00bb animation_direction=\u00bbtop\u00bb always_center_on_mobile=\u00bboff\u00bb locked=\u00bboff\u00bb][\/et_pb_image][et_pb_text _builder_version=\u00bb4.9.0&#8243; text_font=\u00bb||||||||\u00bb header_font=\u00bb||||||||\u00bb header_6_font=\u00bbLibre Franklin|600|||||||\u00bb header_6_text_color=\u00bb#ffb400&#8243; header_6_font_size=\u00bb18px\u00bb header_6_line_height=\u00bb1.8em\u00bb custom_margin=\u00bb|||\u00bb border_color_all=\u00bb#ffb400&#8243; border_width_bottom=\u00bb2px\u00bb locked=\u00bboff\u00bb]<\/p>\n<h6>Una soluci\u00f3n para tu hogar, negocio o industria.<\/h6>\n<p>[\/et_pb_text][et_pb_text _builder_version=\u00bb4.9.0&#8243; text_font=\u00bbLibre Franklin|300|||||||\u00bb text_font_size=\u00bb16px\u00bb header_font=\u00bb||||||||\u00bb header_2_font=\u00bbLibre Franklin|300|||||||\u00bb header_2_text_color=\u00bb#000000&#8243; header_2_font_size=\u00bb2.5em\u00bb header_2_line_height=\u00bb1.4em\u00bb background_layout=\u00bbdark\u00bb locked=\u00bboff\u00bb]<\/p>\n<h2>Estudios de\u00a0<strong>calidad de la energ\u00eda.<\/strong><\/h2>\n<p>[\/et_pb_text][et_pb_text _builder_version=\u00bb4.9.0&#8243; text_font=\u00bbLibre Franklin||||||||\u00bb text_text_color=\u00bb#000000&#8243; text_font_size=\u00bb1.1em\u00bb text_line_height=\u00bb1.5em\u00bb header_font=\u00bb||||||||\u00bb header_2_font=\u00bbLibre Franklin|300|||||||\u00bb header_2_font_size=\u00bb42px\u00bb header_2_line_height=\u00bb1.4em\u00bb text_orientation=\u00bbjustified\u00bb background_layout=\u00bbdark\u00bb locked=\u00bboff\u00bb]<\/p>\n<p><span style=\"font-weight: 400;\">Contamos con equipo y personal altamente capacitado para la realizaci\u00f3n de estudios de calidad de la energ\u00eda y eficiencia energ\u00e9tica. De esta manera mejoramos las condiciones de tu instalaci\u00f3n el\u00e9ctrica para garantizar la seguridad, continuidad y eficiencia de tu instalaci\u00f3n.\u00a0<\/span><\/p>\n<p><span style=\"font-weight: 400;\">De esta forma evitas el famoso recargo con CFE de bajo Factor de potencia, adem\u00e1s de reducir fallas en equipos y parones innecesarios que generan grandes p\u00e9rdidas econ\u00f3micas. <\/span><\/p>\n<p>[\/et_pb_text][\/et_pb_column][et_pb_column type=\u00bb1_2&#8243; _builder_version=\u00bb3.25&#8243; custom_padding=\u00bb|||\u00bb custom_padding__hover=\u00bb|||\u00bb][et_pb_gallery gallery_ids=\u00bb13095,13094&#8243; fullwidth=\u00bbon\u00bb _builder_version=\u00bb4.9.0&#8243; _module_preset=\u00bbdefault\u00bb border_width_all=\u00bb4px\u00bb border_color_all=\u00bb#FFFFFF\u00bb box_shadow_style=\u00bbpreset2&#8243;][\/et_pb_gallery][\/et_pb_column][\/et_pb_row][et_pb_row column_structure=\u00bb1_2,1_2&#8243; _builder_version=\u00bb3.25&#8243; custom_padding=\u00bb46px|0px|28px|0px|false|false\u00bb][et_pb_column type=\u00bb1_2&#8243; _builder_version=\u00bb3.25&#8243; custom_padding=\u00bb|||\u00bb custom_padding__hover=\u00bb|||\u00bb][et_pb_gallery gallery_ids=\u00bb13121,13122,13089&#8243; fullwidth=\u00bbon\u00bb _builder_version=\u00bb4.9.0&#8243; _module_preset=\u00bbdefault\u00bb border_width_all=\u00bb4px\u00bb border_color_all=\u00bb#FFFFFF\u00bb box_shadow_style=\u00bbpreset2&#8243;][\/et_pb_gallery][\/et_pb_column][et_pb_column type=\u00bb1_2&#8243; _builder_version=\u00bb3.25&#8243; custom_padding=\u00bb|||\u00bb custom_padding__hover=\u00bb|||\u00bb][et_pb_image src=\u00bbhttps:\/\/bioeco.com.mx\/web\/wp-content\/uploads\/2021\/07\/electrician_04.png\u00bb _builder_version=\u00bb3.23&#8243; custom_margin=\u00bb||4px|\u00bb animation_style=\u00bbfold\u00bb animation_direction=\u00bbtop\u00bb always_center_on_mobile=\u00bboff\u00bb locked=\u00bboff\u00bb][\/et_pb_image][et_pb_text _builder_version=\u00bb4.9.0&#8243; text_font=\u00bbLibre Franklin|300|||||||\u00bb text_font_size=\u00bb16px\u00bb header_font=\u00bb||||||||\u00bb header_2_font=\u00bbLibre Franklin|300|||||||\u00bb header_2_text_color=\u00bb#000000&#8243; header_2_font_size=\u00bb2.5em\u00bb header_2_line_height=\u00bb1.4em\u00bb background_layout=\u00bbdark\u00bb locked=\u00bboff\u00bb]<\/p>\n<h2>Cumplimiento del\u00a0<strong>C\u00f3digo de Red.<\/strong><\/h2>\n<p>[\/et_pb_text][et_pb_text _builder_version=\u00bb4.9.0&#8243; text_font=\u00bbLibre Franklin||||||||\u00bb text_text_color=\u00bb#000000&#8243; text_font_size=\u00bb1.1em\u00bb text_line_height=\u00bb1.5em\u00bb header_font=\u00bb||||||||\u00bb header_2_font=\u00bbLibre Franklin|300|||||||\u00bb header_2_font_size=\u00bb42px\u00bb header_2_line_height=\u00bb1.4em\u00bb text_orientation=\u00bbjustified\u00bb background_layout=\u00bbdark\u00bb locked=\u00bboff\u00bb]<\/p>\n<p>Realizamos estudios de cumplimiento de c\u00f3digo de red para todas las industrias de media y alta tensi\u00f3n. De forma que estas est\u00e9n protegidas ante las multas y cargos por incumplimiento de c\u00f3digo de red que realiza la comisi\u00f3n reguladora de energ\u00eda (CRE) de acuerdo con lo publicado en el diario oficial de la federaci\u00f3n en abril del 2019.<\/p>\n<p>[\/et_pb_text][et_pb_button button_url=\u00bb\/soluciones\u00bb button_text=\u00bbRegresar a Soluciones\u00bb _builder_version=\u00bb4.9.0&#8243; _module_preset=\u00bbdefault\u00bb custom_button=\u00bbon\u00bb button_bg_color=\u00bb#edb100&#8243;][\/et_pb_button][\/et_pb_column][\/et_pb_row][\/et_pb_section]<\/p>\n","protected":false},"excerpt":{"rendered":"<p>Una soluci\u00f3n para tu hogar, negocio o industria.Estudios de\u00a0calidad de la energ\u00eda.Contamos con equipo y personal altamente capacitado para la realizaci\u00f3n de estudios de calidad de la energ\u00eda y eficiencia energ\u00e9tica. De esta manera mejoramos las condiciones de tu instalaci\u00f3n el\u00e9ctrica para garantizar la seguridad, continuidad y eficiencia de tu instalaci\u00f3n.\u00a0 De esta forma evitas [&hellip;]<\/p>\n","protected":false},"author":1,"featured_media":0,"parent":12931,"menu_order":0,"comment_status":"closed","ping_status":"closed","template":"","meta":{"_et_pb_use_builder":"on","_et_pb_old_content":"","_et_gb_content_width":"","footnotes":""},"class_list":["post-13041","page","type-page","status-publish","hentry"],"_links":{"self":[{"href":"https:\/\/www.bioeco.com.mx\/web\/wp-json\/wp\/v2\/pages\/13041","targetHints":{"allow":["GET"]}}],"collection":[{"href":"https:\/\/www.bioeco.com.mx\/web\/wp-json\/wp\/v2\/pages"}],"about":[{"href":"https:\/\/www.bioeco.com.mx\/web\/wp-json\/wp\/v2\/types\/page"}],"author":[{"embeddable":true,"href":"https:\/\/www.bioeco.com.mx\/web\/wp-json\/wp\/v2\/users\/1"}],"replies":[{"embeddable":true,"href":"https:\/\/www.bioeco.com.mx\/web\/wp-json\/wp\/v2\/comments?post=13041"}],"version-history":[{"count":0,"href":"https:\/\/www.bioeco.com.mx\/web\/wp-json\/wp\/v2\/pages\/13041\/revisions"}],"up":[{"embeddable":true,"href":"https:\/\/www.bioeco.com.mx\/web\/wp-json\/wp\/v2\/pages\/12931"}],"wp:attachment":[{"href":"https:\/\/www.bioeco.com.mx\/web\/wp-json\/wp\/v2\/media?parent=13041"}],"curies":[{"name":"wp","href":"https:\/\/api.w.org\/{rel}","templated":true}]}}